{"id":2741,"date":"2024-11-18T20:42:20","date_gmt":"2024-11-18T20:42:20","guid":{"rendered":"https:\/\/isee-one.com\/innovazione-attraverso-la-partnership\/"},"modified":"2026-01-02T23:40:59","modified_gmt":"2026-01-02T23:40:59","slug":"innovazione-attraverso-partnership","status":"publish","type":"page","link":"https:\/\/isee-one.com\/it\/innovazione-attraverso-partnership\/","title":{"rendered":"Innovazione attraverso partnership"},"content":{"rendered":"\t\t<div data-elementor-type=\"wp-page\" data-elementor-id=\"2741\" class=\"elementor elementor-2741 elementor-1710\" data-elementor-post-type=\"page\">\n\t\t\t\t<div class=\"elementor-element elementor-element-956e32b e-flex e-con-boxed e-con e-parent\" data-id=\"956e32b\" data-element_type=\"container\">\n\t\t\t\t\t<div class=\"e-con-inner\">\n\t\t<div class=\"elementor-element elementor-element-afd7a68 e-con-full e-flex e-con e-child\" data-id=\"afd7a68\" data-element_type=\"container\">\n\t\t\t\t<div class=\"elementor-element elementor-element-2fae7058 elementor-widget elementor-widget-button\" data-id=\"2fae7058\" data-element_type=\"widget\" data-widget_type=\"button.default\">\n\t\t\t\t<div class=\"elementor-widget-container\">\n\t\t\t\t\t\t\t\t\t<div class=\"elementor-button-wrapper\">\n\t\t\t\t\t<a class=\"elementor-button elementor-button-link elementor-size-sm\" href=\"https:\/\/isee-one.com\/it\/\" aria-label=\"Back to home\">\n\t\t\t\t\t\t<span class=\"elementor-button-content-wrapper\">\n\t\t\t\t\t\t<span class=\"elementor-button-icon\">\n\t\t\t\t<svg aria-hidden=\"true\" class=\"e-font-icon-svg e-fas-chevron-left\" viewBox=\"0 0 320 512\" xmlns=\"http:\/\/www.w3.org\/2000\/svg\"><path d=\"M34.52 239.03L228.87 44.69c9.37-9.37 24.57-9.37 33.94 0l22.67 22.67c9.36 9.36 9.37 24.52.04 33.9L131.49 256l154.02 154.75c9.34 9.38 9.32 24.54-.04 33.9l-22.67 22.67c-9.37 9.37-24.57 9.37-33.94 0L34.52 272.97c-9.37-9.37-9.37-24.57 0-33.94z\"><\/path><\/svg>\t\t\t<\/span>\n\t\t\t\t\t\t\t\t\t<span class=\"elementor-button-text\">Torna alla Home<\/span>\n\t\t\t\t\t<\/span>\n\t\t\t\t\t<\/a>\n\t\t\t\t<\/div>\n\t\t\t\t\t\t\t\t<\/div>\n\t\t\t\t<\/div>\n\t\t\t\t<div class=\"elementor-element elementor-element-fdc9ab1 elementor-widget elementor-widget-heading\" data-id=\"fdc9ab1\" data-element_type=\"widget\" data-widget_type=\"heading.default\">\n\t\t\t\t<div class=\"elementor-widget-container\">\n\t\t\t\t\t<h2 class=\"elementor-heading-title elementor-size-default\">Innovazione attraverso partnership<\/h2>\t\t\t\t<\/div>\n\t\t\t\t<\/div>\n\t\t\t\t<div class=\"elementor-element elementor-element-270d299 elementor-widget elementor-widget-text-editor\" data-id=\"270d299\" data-element_type=\"widget\" data-widget_type=\"text-editor.default\">\n\t\t\t\t<div class=\"elementor-widget-container\">\n\t\t\t\t\t\t\t\t\t<p>In iSee, crediamo che la vera innovazione nasca dalla collaborazione. Lo sviluppo di iSee One \u00e8 stato reso possibile grazie alla competenza e dedizione dei nostri stimati partner, con aziende che forniscono componenti essenziali e professionisti specializzati che contribuiscono con le loro conoscenze. Questi esperti provengono da settori come le telecomunicazioni, la tecnologia satellitare, la mappatura ambientale e la geolocalizzazione, garantendo che iSee One tragga vantaggio dagli ultimi sviluppi nella tecnologia degli occhiali intelligenti e si affermi come un prodotto all&#8217;avanguardia nel mercato della tecnologia assistiva.  <\/p><p>Oltre ai nostri partner nello sviluppo, <strong>attribuiamo grande valore ai feedback e alle intuizioni dei nostri utenti<\/strong>. Invitiamo gli utenti di iSee One a connettersi con noi, condividendo le loro esperienze e suggerimenti per miglioramenti. <br>Questo feedback \u00e8 per noi di inestimabile valore mentre ci impegniamo a migliorare le capacit\u00e0 del dispositivo e ad aggiungere funzionalit\u00e0 che supportino meglio la vita quotidiana dei nostri utenti. Che si tratti di nuove funzionalit\u00e0, opzioni di comfort aggiuntive o miglioramenti nell&#8217;usabilit\u00e0, il nostro obiettivo \u00e8 rendere iSee One uno strumento in continua evoluzione che si adatti e soddisfi le esigenze di chi se ne affida di pi\u00f9.  <\/p><p>Attraverso questo approccio collaborativo, puntiamo a perfezionare continuamente iSee One, assicurandoci che rimanga non solo un&#8217;innovazione tecnologica, <strong>ma anche una soluzione veramente centrata sull&#8217;utente che apporti miglioramenti significativi alla vita delle persone non vedenti.<\/strong> iSee \u00e8 pi\u00f9 di un prodotto; <strong>\u00e8 una missione per l&#8217;inclusivit\u00e0, guidata dall&#8217;impegno di rendere la tecnologia uno strumento di empowerment per tutti.<\/strong> <\/p>\t\t\t\t\t\t\t\t<\/div>\n\t\t\t\t<\/div>\n\t\t\t\t<\/div>\n\t\t<div class=\"elementor-element elementor-element-60d2fab e-con-full e-flex e-con e-child\" data-id=\"60d2fab\" data-element_type=\"container\">\n\t\t\t\t<div class=\"elementor-element elementor-element-ee64284 elementor-widget elementor-widget-image\" data-id=\"ee64284\" data-element_type=\"widget\" data-widget_type=\"image.default\">\n\t\t\t\t<div class=\"elementor-widget-container\">\n\t\t\t\t\t\t\t\t\t\t\t\t\t\t\t<img fetchpriority=\"high\" decoding=\"async\" width=\"882\" height=\"1342\" src=\"https:\/\/isee-one.com\/wp-content\/uploads\/2024\/11\/seo-tree.svg\" class=\"attachment-full size-full wp-image-2607\" alt=\"seo tree\" \/>\t\t\t\t\t\t\t\t\t\t\t\t\t\t\t<\/div>\n\t\t\t\t<\/div>\n\t\t\t\t<\/div>\n\t\t\t\t\t<\/div>\n\t\t\t\t<\/div>\n\t\t\t\t<\/div>\n\t\t","protected":false},"excerpt":{"rendered":"<p>Torna alla Home Innovazione attraverso partnership In iSee, crediamo che la vera innovazione nasca dalla collaborazione. Lo sviluppo di iSee One \u00e8 stato reso possibile grazie alla competenza e dedizione dei nostri stimati partner, con aziende che forniscono componenti essenziali e professionisti specializzati che contribuiscono con le loro conoscenze. Questi esperti provengono da settori come [&hellip;]<\/p>\n","protected":false},"author":1,"featured_media":3068,"parent":0,"menu_order":0,"comment_status":"closed","ping_status":"closed","template":"","meta":{"footnotes":""},"class_list":["post-2741","page","type-page","status-publish","has-post-thumbnail","hentry"],"_links":{"self":[{"href":"https:\/\/isee-one.com\/it\/wp-json\/wp\/v2\/pages\/2741","targetHints":{"allow":["GET"]}}],"collection":[{"href":"https:\/\/isee-one.com\/it\/wp-json\/wp\/v2\/pages"}],"about":[{"href":"https:\/\/isee-one.com\/it\/wp-json\/wp\/v2\/types\/page"}],"author":[{"embeddable":true,"href":"https:\/\/isee-one.com\/it\/wp-json\/wp\/v2\/users\/1"}],"replies":[{"embeddable":true,"href":"https:\/\/isee-one.com\/it\/wp-json\/wp\/v2\/comments?post=2741"}],"version-history":[{"count":10,"href":"https:\/\/isee-one.com\/it\/wp-json\/wp\/v2\/pages\/2741\/revisions"}],"predecessor-version":[{"id":8104,"href":"https:\/\/isee-one.com\/it\/wp-json\/wp\/v2\/pages\/2741\/revisions\/8104"}],"wp:featuredmedia":[{"embeddable":true,"href":"https:\/\/isee-one.com\/it\/wp-json\/wp\/v2\/media\/3068"}],"wp:attachment":[{"href":"https:\/\/isee-one.com\/it\/wp-json\/wp\/v2\/media?parent=2741"}],"curies":[{"name":"wp","href":"https:\/\/api.w.org\/{rel}","templated":true}]}}