{"id":2638,"date":"2024-11-20T00:12:45","date_gmt":"2024-11-20T00:12:45","guid":{"rendered":"https:\/\/isee-one.com\/chi-siamo\/"},"modified":"2026-01-02T23:36:30","modified_gmt":"2026-01-02T23:36:30","slug":"chi-siamo","status":"publish","type":"page","link":"https:\/\/isee-one.com\/it\/chi-siamo\/","title":{"rendered":"Chi Siamo"},"content":{"rendered":"\t\t<div data-elementor-type=\"wp-page\" data-elementor-id=\"2638\" class=\"elementor elementor-2638 elementor-2000\" data-elementor-post-type=\"page\">\n\t\t\t\t<div class=\"elementor-element elementor-element-19037570 e-flex e-con-boxed e-con e-parent\" data-id=\"19037570\" data-element_type=\"container\">\n\t\t\t\t\t<div class=\"e-con-inner\">\n\t\t\t\t<div class=\"elementor-element elementor-element-3d6cf3a7 elementor-widget elementor-widget-button\" data-id=\"3d6cf3a7\" data-element_type=\"widget\" data-widget_type=\"button.default\">\n\t\t\t\t<div class=\"elementor-widget-container\">\n\t\t\t\t\t\t\t\t\t<div class=\"elementor-button-wrapper\">\n\t\t\t\t\t<a class=\"elementor-button elementor-button-link elementor-size-sm\" href=\"https:\/\/isee-one.com\/it\/\" aria-label=\"Back to Home\">\n\t\t\t\t\t\t<span class=\"elementor-button-content-wrapper\">\n\t\t\t\t\t\t<span class=\"elementor-button-icon\">\n\t\t\t\t<svg aria-hidden=\"true\" class=\"e-font-icon-svg e-fas-chevron-left\" viewBox=\"0 0 320 512\" xmlns=\"http:\/\/www.w3.org\/2000\/svg\"><path d=\"M34.52 239.03L228.87 44.69c9.37-9.37 24.57-9.37 33.94 0l22.67 22.67c9.36 9.36 9.37 24.52.04 33.9L131.49 256l154.02 154.75c9.34 9.38 9.32 24.54-.04 33.9l-22.67 22.67c-9.37 9.37-24.57 9.37-33.94 0L34.52 272.97c-9.37-9.37-9.37-24.57 0-33.94z\"><\/path><\/svg>\t\t\t<\/span>\n\t\t\t\t\t\t\t\t\t<span class=\"elementor-button-text\">Torna alla Home<\/span>\n\t\t\t\t\t<\/span>\n\t\t\t\t\t<\/a>\n\t\t\t\t<\/div>\n\t\t\t\t\t\t\t\t<\/div>\n\t\t\t\t<\/div>\n\t\t\t\t\t<\/div>\n\t\t\t\t<\/div>\n\t\t<div class=\"elementor-element elementor-element-6391d78 e-flex e-con-boxed e-con e-parent\" data-id=\"6391d78\" data-element_type=\"container\">\n\t\t\t\t\t<div class=\"e-con-inner\">\n\t\t\t\t<div class=\"elementor-element elementor-element-59d5c93 elementor-view-default elementor-widget elementor-widget-icon\" data-id=\"59d5c93\" data-element_type=\"widget\" data-widget_type=\"icon.default\">\n\t\t\t\t<div class=\"elementor-widget-container\">\n\t\t\t\t\t\t\t<div class=\"elementor-icon-wrapper\">\n\t\t\t<div class=\"elementor-icon\">\n\t\t\t<svg xmlns=\"http:\/\/www.w3.org\/2000\/svg\" width=\"85\" height=\"30\" viewBox=\"0 0 85 30\" fill=\"none\"><path d=\"M0 10.2322H9.71232V29.6036H3.69578V14.7621H0V10.2322ZM4.20734 1.01506C4.88821 0.338752 5.7275 0 6.724 0C7.72051 0 8.55859 0.338752 9.24067 1.01506C9.92153 1.69256 10.2626 2.52502 10.2626 3.51485C10.2626 4.50468 9.92153 5.30471 9.24067 5.99423C8.55859 6.68495 7.72051 7.02971 6.724 7.02971C5.7275 7.02971 4.88821 6.68495 4.20734 5.99423C3.52526 5.30471 3.18544 4.47826 3.18544 3.51485C3.18544 2.55145 3.52526 1.69256 4.20734 1.01506Z\" fill=\"#F0DF00\"><\/path><path d=\"M20.4514 23.499C21.5483 24.1638 22.9063 24.4956 24.5229 24.4956C25.1289 24.4956 25.742 24.4453 26.3635 24.3435C26.9838 24.2429 27.5395 24.0692 28.0317 23.8236C28.5226 23.5781 28.9202 23.2606 29.2232 22.8701C29.5262 22.4808 29.6783 22.0112 29.6783 21.4614C29.6783 20.4504 29.1861 19.6706 28.2053 19.122C27.2233 18.5734 25.9528 18.1409 24.3936 17.8223L20.8849 17.1287C19.7005 16.8975 18.5736 16.5729 17.5055 16.1537C16.4373 15.7356 15.5056 15.2002 14.7116 14.5509C13.9165 13.9005 13.2818 13.1207 12.8052 12.2115C12.3286 11.3011 12.0903 10.2254 12.0903 8.98321C12.0903 7.42358 12.4579 6.07957 13.1944 4.95357C13.9309 3.82757 14.8841 2.89563 16.0529 2.15894C17.2228 1.42225 18.5365 0.880808 19.9951 0.533426C21.4525 0.187241 22.9039 0.0135498 24.3481 0.0135498C25.5324 0.0135498 26.688 0.129743 27.8137 0.359734C28.9406 0.590923 29.9944 0.959868 30.9764 1.46417C31.9583 1.96967 32.8313 2.62012 33.5977 3.4143C34.363 4.20969 34.9761 5.16919 35.4383 6.29518L29.2436 8.54838C28.8388 7.56612 28.167 6.81506 27.2293 6.29518C26.2905 5.77531 25.1289 5.51537 23.7421 5.51537C22.3554 5.51537 21.3088 5.75375 20.4286 6.2305C19.5472 6.70725 19.1077 7.39363 19.1077 8.28844C19.1077 9.03951 19.4035 9.66839 19.9963 10.1727C20.5879 10.6782 21.389 11.0328 22.4009 11.234L26.2989 12.0138C27.4832 12.245 28.6879 12.5337 29.9166 12.8811C31.144 13.2273 32.2553 13.7112 33.2517 14.3329C34.248 14.9546 35.0707 15.7488 35.7209 16.7167C36.37 17.6845 36.6957 18.9195 36.6957 20.4217C36.6957 21.9238 36.3413 23.3181 35.6347 24.516C34.927 25.7151 33.9953 26.7189 32.8409 27.5274C31.6853 28.336 30.3788 28.9505 28.9202 29.3686C27.4616 29.7866 25.9815 29.9963 24.4798 29.9963C21.3028 29.9963 18.6467 29.3614 16.5091 28.0892C14.3715 26.8183 12.8555 25.0131 11.9609 22.6725L18.1988 20.4193C18.6036 21.8064 19.3532 22.8318 20.4514 23.4954V23.499Z\" fill=\"#1C355E\"><\/path><path d=\"M39.248 13.9663C39.854 12.5791 40.6838 11.3956 41.7388 10.4134C42.7927 9.43232 44.0201 8.68006 45.4212 8.16019C46.8223 7.64031 48.3025 7.38037 49.8616 7.38037C51.6232 7.38037 53.2111 7.70499 54.6266 8.35544C56.0408 9.00588 57.2252 9.90069 58.1784 11.0423C59.1316 12.1838 59.8466 13.5482 60.322 15.1366C60.7986 16.7262 60.9782 18.4727 60.8633 20.3797H44.965C45.0224 21.1307 45.2033 21.7884 45.5062 22.3514C45.8092 22.9144 46.184 23.3851 46.6331 23.7601C47.0798 24.1362 47.5923 24.4177 48.1707 24.6046C48.7479 24.7926 49.3407 24.8861 49.9467 24.8861C50.9574 24.8861 51.8316 24.7423 52.568 24.4524C53.3045 24.1637 53.8745 23.7744 54.2793 23.2821L59.5208 25.1891C58.394 26.8362 56.9869 28.0496 55.2972 28.8294C53.6075 29.6093 51.8818 29.9998 50.1203 29.9998C48.3587 29.9998 46.7996 29.7398 45.3554 29.2199C43.9112 28.7001 42.6693 27.949 41.6299 26.9668C40.5904 25.9845 39.7809 24.7854 39.2037 23.3707C38.6253 21.9561 38.3379 20.3665 38.3379 18.6044C38.3379 16.8424 38.6409 15.3546 39.248 13.9675V13.9663ZM54.7559 16.4794C54.6984 15.0935 54.2218 14.0465 53.3261 13.3374C52.4303 12.6294 51.3334 12.2761 50.0341 12.2761C48.7348 12.2761 47.6869 12.6079 46.7205 13.2727C45.7529 13.9375 45.1674 15.006 44.9662 16.4794H54.7559Z\" fill=\"#1C355E\"><\/path><path d=\"M63.2148 13.9663C63.8207 12.5791 64.6506 11.3956 65.7056 10.4134C66.7595 9.43232 67.9869 8.68006 69.388 8.16019C70.7891 7.64031 72.2693 7.38037 73.8284 7.38037C75.59 7.38037 77.1779 7.70499 78.5934 8.35544C80.0076 9.00588 81.192 9.90069 82.1452 11.0423C83.0984 12.1838 83.8134 13.5482 84.2888 15.1366C84.7654 16.7262 84.945 18.4727 84.8301 20.3797H68.9318C68.9892 21.1307 69.1701 21.7884 69.473 22.3514C69.776 22.9144 70.1508 23.3851 70.5999 23.7601C71.0466 24.1362 71.5591 24.4177 72.1375 24.6046C72.7147 24.7926 73.3075 24.8861 73.9134 24.8861C74.9242 24.8861 75.7983 24.7423 76.5348 24.4524C77.2713 24.1637 77.8413 23.7744 78.2461 23.2821L83.4876 25.1891C82.3608 26.8362 80.9537 28.0496 79.264 28.8294C77.5743 29.6093 75.8486 29.9998 74.0871 29.9998C72.3255 29.9998 70.7664 29.7398 69.3222 29.2199C67.8779 28.7001 66.6361 27.949 65.5967 26.9668C64.5572 25.9845 63.7477 24.7854 63.1705 23.3707C62.5921 21.9561 62.3047 20.3665 62.3047 18.6044C62.3047 16.8424 62.6077 15.3546 63.2148 13.9675V13.9663ZM78.7215 16.4794C78.664 15.0935 78.1874 14.0465 77.2917 13.3374C76.3959 12.6294 75.299 12.2761 73.9997 12.2761C72.7004 12.2761 71.6525 12.6079 70.6861 13.2727C69.7185 13.9375 69.1329 15.006 68.9318 16.4794H78.7215Z\" fill=\"#1C355E\"><\/path><\/svg>\t\t\t<\/div>\n\t\t<\/div>\n\t\t\t\t\t\t<\/div>\n\t\t\t\t<\/div>\n\t\t\t\t\t<\/div>\n\t\t\t\t<\/div>\n\t\t<div class=\"elementor-element elementor-element-8f0e952 e-flex e-con-boxed e-con e-parent\" data-id=\"8f0e952\" data-element_type=\"container\">\n\t\t\t\t\t<div class=\"e-con-inner\">\n\t\t\t\t<div class=\"elementor-element elementor-element-e6150d1 elementor-widget elementor-widget-text-editor\" data-id=\"e6150d1\" data-element_type=\"widget\" data-widget_type=\"text-editor.default\">\n\t\t\t\t<div class=\"elementor-widget-container\">\n\t\t\t\t\t\t\t\t\t<p>Il progetto iSee \u00e8 un&#8217;iniziativa sociale dedicata allo sviluppo di soluzioni innovative per le necessit\u00e0 quotidiane delle persone non vedenti. Impegnata a migliorare la qualit\u00e0 della vita e promuovere una maggiore autonomia, iSee \u00e8 completamente sviluppata e gestita internamente da iVision Tech, con il coinvolgimento diretto degli utenti non vedenti, il cui contributo \u00e8 essenziale per creare soluzioni realmente su misura per le loro esigenze.  Con una competenza integrata in tecnologie avanzate e occhiali, iVision d\u00e0 vita a un progetto che offre prodotti davvero accessibili e innovativi.<\/p>\t\t\t\t\t\t\t\t<\/div>\n\t\t\t\t<\/div>\n\t\t\t\t\t<\/div>\n\t\t\t\t<\/div>\n\t\t<div class=\"elementor-element elementor-element-a4f0b84 e-con-full e-flex e-con e-parent\" data-id=\"a4f0b84\" data-element_type=\"container\">\n\t\t\t\t<div class=\"elementor-element elementor-element-270cedd elementor-widget elementor-widget-image\" data-id=\"270cedd\" data-element_type=\"widget\" data-widget_type=\"image.default\">\n\t\t\t\t<div class=\"elementor-widget-container\">\n\t\t\t\t\t\t\t\t\t\t\t\t\t\t\t<img fetchpriority=\"high\" decoding=\"async\" width=\"1920\" height=\"705\" src=\"https:\/\/isee-one.com\/wp-content\/uploads\/2024\/11\/fabbrica-di-occhiali.webp\" class=\"attachment-full size-full wp-image-2617\" alt=\"fabbrica di occhiali\" srcset=\"https:\/\/isee-one.com\/wp-content\/uploads\/2024\/11\/fabbrica-di-occhiali.webp 1920w, https:\/\/isee-one.com\/wp-content\/uploads\/2024\/11\/fabbrica-di-occhiali-600x220.webp 600w, https:\/\/isee-one.com\/wp-content\/uploads\/2024\/11\/fabbrica-di-occhiali-300x110.webp 300w, https:\/\/isee-one.com\/wp-content\/uploads\/2024\/11\/fabbrica-di-occhiali-1024x376.webp 1024w, https:\/\/isee-one.com\/wp-content\/uploads\/2024\/11\/fabbrica-di-occhiali-768x282.webp 768w, https:\/\/isee-one.com\/wp-content\/uploads\/2024\/11\/fabbrica-di-occhiali-1536x564.webp 1536w\" sizes=\"(max-width: 1920px) 100vw, 1920px\" \/>\t\t\t\t\t\t\t\t\t\t\t\t\t\t\t<\/div>\n\t\t\t\t<\/div>\n\t\t\t\t<\/div>\n\t\t<div class=\"elementor-element elementor-element-15b1e0f e-flex e-con-boxed e-con e-parent\" data-id=\"15b1e0f\" data-element_type=\"container\">\n\t\t\t\t\t<div class=\"e-con-inner\">\n\t\t\t\t<div class=\"elementor-element elementor-element-dd5ab22 elementor-widget elementor-widget-text-editor\" data-id=\"dd5ab22\" data-element_type=\"widget\" data-widget_type=\"text-editor.default\">\n\t\t\t\t<div class=\"elementor-widget-container\">\n\t\t\t\t\t\t\t\t\t<p>L&#8217;iniziativa iSee nasce dall&#8217;impegno di iVision per l&#8217;impatto sociale. Sin dalla sua nascita, iVision ha destinato risorse e investimenti per favorire un cambiamento sociale positivo. Un esempio tangibile \u00e8 l&#8217;acquisizione dello stabilimento di Martignacco, ora sede del gruppo. In risposta al piano del precedente proprietario di chiudere lo stabilimento e licenziare i suoi dipendenti, iVision ha preservato e rivitalizzato il sito, trasformandolo in un centro di eccellenza per la produzione di occhiali OEM e ODM di fascia medio-alta, salvaguardando cos\u00ec l&#8217;occupazione locale e competenze preziose.   <\/p>\t\t\t\t\t\t\t\t<\/div>\n\t\t\t\t<\/div>\n\t\t\t\t\t<\/div>\n\t\t\t\t<\/div>\n\t\t<div class=\"elementor-element elementor-element-6c5da19 e-flex e-con-boxed e-con e-parent\" data-id=\"6c5da19\" data-element_type=\"container\">\n\t\t\t\t\t<div class=\"e-con-inner\">\n\t\t<div class=\"elementor-element elementor-element-1530c91 e-con-full e-flex e-con e-child\" data-id=\"1530c91\" data-element_type=\"container\">\n\t\t\t\t<div class=\"elementor-element elementor-element-e769adf elementor-widget elementor-widget-image\" data-id=\"e769adf\" data-element_type=\"widget\" data-widget_type=\"image.default\">\n\t\t\t\t<div class=\"elementor-widget-container\">\n\t\t\t\t\t\t\t\t\t\t\t\t\t\t\t\t<a href=\"https:\/\/ivisiontech.eu\/\" aria-label=\"iVision Website Link\" target=\"_blank\" rel=\"noopener\">\n\t\t\t\t\t\t\t<img decoding=\"async\" width=\"300\" height=\"71\" src=\"https:\/\/isee-one.com\/wp-content\/uploads\/2024\/11\/iVisionTech-Logo.svg\" class=\"attachment-full size-full wp-image-2616\" alt=\"iVisionTech Logo\" \/>\t\t\t\t\t\t\t\t<\/a>\n\t\t\t\t\t\t\t\t\t\t\t\t\t\t\t<\/div>\n\t\t\t\t<\/div>\n\t\t\t\t<div class=\"elementor-element elementor-element-7574530 elementor-widget elementor-widget-text-editor\" data-id=\"7574530\" data-element_type=\"widget\" data-widget_type=\"text-editor.default\">\n\t\t\t\t<div class=\"elementor-widget-container\">\n\t\t\t\t\t\t\t\t\t<a href=\"https:\/\/ivisiontech.eu\/\" aria-label=\"iVision Tech Website Link\" target=\"_blank\" rel=\"noopener\">iVision Tech SpA<\/a>\t\t\t\t\t\t\t\t<\/div>\n\t\t\t\t<\/div>\n\t\t\t\t<\/div>\n\t\t\t\t\t<\/div>\n\t\t\t\t<\/div>\n\t\t\t\t<\/div>\n\t\t","protected":false},"excerpt":{"rendered":"<p>Torna alla Home Il progetto iSee \u00e8 un&#8217;iniziativa sociale dedicata allo sviluppo di soluzioni innovative per le necessit\u00e0 quotidiane delle persone non vedenti. Impegnata a migliorare la qualit\u00e0 della vita e promuovere una maggiore autonomia, iSee \u00e8 completamente sviluppata e gestita internamente da iVision Tech, con il coinvolgimento diretto degli utenti non vedenti, il cui [&hellip;]<\/p>\n","protected":false},"author":1,"featured_media":3068,"parent":0,"menu_order":0,"comment_status":"closed","ping_status":"closed","template":"","meta":{"footnotes":""},"class_list":["post-2638","page","type-page","status-publish","has-post-thumbnail","hentry"],"_links":{"self":[{"href":"https:\/\/isee-one.com\/it\/wp-json\/wp\/v2\/pages\/2638","targetHints":{"allow":["GET"]}}],"collection":[{"href":"https:\/\/isee-one.com\/it\/wp-json\/wp\/v2\/pages"}],"about":[{"href":"https:\/\/isee-one.com\/it\/wp-json\/wp\/v2\/types\/page"}],"author":[{"embeddable":true,"href":"https:\/\/isee-one.com\/it\/wp-json\/wp\/v2\/users\/1"}],"replies":[{"embeddable":true,"href":"https:\/\/isee-one.com\/it\/wp-json\/wp\/v2\/comments?post=2638"}],"version-history":[{"count":10,"href":"https:\/\/isee-one.com\/it\/wp-json\/wp\/v2\/pages\/2638\/revisions"}],"predecessor-version":[{"id":8097,"href":"https:\/\/isee-one.com\/it\/wp-json\/wp\/v2\/pages\/2638\/revisions\/8097"}],"wp:featuredmedia":[{"embeddable":true,"href":"https:\/\/isee-one.com\/it\/wp-json\/wp\/v2\/media\/3068"}],"wp:attachment":[{"href":"https:\/\/isee-one.com\/it\/wp-json\/wp\/v2\/media?parent=2638"}],"curies":[{"name":"wp","href":"https:\/\/api.w.org\/{rel}","templated":true}]}}