{"id":6477,"date":"2024-11-18T20:42:20","date_gmt":"2024-11-18T20:42:20","guid":{"rendered":"https:\/\/isee-one.com\/innovation-through-partnership-2\/"},"modified":"2026-01-02T23:25:34","modified_gmt":"2026-01-02T23:25:34","slug":"innovation-through-partnership-2","status":"publish","type":"page","link":"https:\/\/isee-one.com\/fr\/innovation-through-partnership-2\/","title":{"rendered":"Innovation Through Partnership"},"content":{"rendered":"\t\t<div data-elementor-type=\"wp-page\" data-elementor-id=\"6477\" class=\"elementor elementor-6477 elementor-1710\" data-elementor-post-type=\"page\">\n\t\t\t\t<div class=\"elementor-element elementor-element-956e32b e-flex e-con-boxed e-con e-parent\" data-id=\"956e32b\" data-element_type=\"container\">\n\t\t\t\t\t<div class=\"e-con-inner\">\n\t\t<div class=\"elementor-element elementor-element-afd7a68 e-con-full e-flex e-con e-child\" data-id=\"afd7a68\" data-element_type=\"container\">\n\t\t\t\t<div class=\"elementor-element elementor-element-2fae7058 elementor-widget elementor-widget-button\" data-id=\"2fae7058\" data-element_type=\"widget\" data-widget_type=\"button.default\">\n\t\t\t\t<div class=\"elementor-widget-container\">\n\t\t\t\t\t\t\t\t\t<div class=\"elementor-button-wrapper\">\n\t\t\t\t\t<a class=\"elementor-button elementor-button-link elementor-size-sm\" href=\"https:\/\/isee-one.com\/fr\/\" aria-label=\"Back to home\">\n\t\t\t\t\t\t<span class=\"elementor-button-content-wrapper\">\n\t\t\t\t\t\t<span class=\"elementor-button-icon\">\n\t\t\t\t<svg aria-hidden=\"true\" class=\"e-font-icon-svg e-fas-chevron-left\" viewBox=\"0 0 320 512\" xmlns=\"http:\/\/www.w3.org\/2000\/svg\"><path d=\"M34.52 239.03L228.87 44.69c9.37-9.37 24.57-9.37 33.94 0l22.67 22.67c9.36 9.36 9.37 24.52.04 33.9L131.49 256l154.02 154.75c9.34 9.38 9.32 24.54-.04 33.9l-22.67 22.67c-9.37 9.37-24.57 9.37-33.94 0L34.52 272.97c-9.37-9.37-9.37-24.57 0-33.94z\"><\/path><\/svg>\t\t\t<\/span>\n\t\t\t\t\t\t\t\t\t<span class=\"elementor-button-text\">Retour \u00e0 l'accueil<\/span>\n\t\t\t\t\t<\/span>\n\t\t\t\t\t<\/a>\n\t\t\t\t<\/div>\n\t\t\t\t\t\t\t\t<\/div>\n\t\t\t\t<\/div>\n\t\t\t\t<div class=\"elementor-element elementor-element-fdc9ab1 elementor-widget elementor-widget-heading\" data-id=\"fdc9ab1\" data-element_type=\"widget\" data-widget_type=\"heading.default\">\n\t\t\t\t<div class=\"elementor-widget-container\">\n\t\t\t\t\t<h2 class=\"elementor-heading-title elementor-size-default\">Innovation Through Partnership<\/h2>\t\t\t\t<\/div>\n\t\t\t\t<\/div>\n\t\t\t\t<div class=\"elementor-element elementor-element-270d299 elementor-widget elementor-widget-text-editor\" data-id=\"270d299\" data-element_type=\"widget\" data-widget_type=\"text-editor.default\">\n\t\t\t\t<div class=\"elementor-widget-container\">\n\t\t\t\t\t\t\t\t\t<p>Chez iSee, nous sommes convaincus que la v\u00e9ritable innovation na\u00eet de la collaboration. Le d\u00e9veloppement d&rsquo;iSee One a \u00e9t\u00e9 rendu possible gr\u00e2ce \u00e0 l&rsquo;expertise et au d\u00e9vouement de nos partenaires de confiance : des entreprises fournissant des composants essentiels et des professionnels sp\u00e9cialis\u00e9s apportant leurs connaissances. Ces experts, forts de leur exp\u00e9rience dans des domaines tels que les t\u00e9l\u00e9communications, la technologie satellitaire, la cartographie environnementale et la g\u00e9olocalisation, garantissent \u00e0 iSee One les derni\u00e8res avanc\u00e9es technologiques en mati\u00e8re de lunettes connect\u00e9es et en font un produit de pointe sur le march\u00e9 des technologies d&rsquo;assistance.  <\/p><p>Outre nos partenaires de d\u00e9veloppement, <strong>nous accordons une grande importance aux retours et aux avis de nos utilisateurs<\/strong>. Nous invitons les utilisateurs d&rsquo;iSee One \u00e0 nous contacter pour partager leurs exp\u00e9riences et suggestions d&rsquo;am\u00e9lioration.<br>Ces retours sont pr\u00e9cieux pour nous permettre d&rsquo;am\u00e9liorer les capacit\u00e9s de l&rsquo;appareil et d&rsquo;ajouter des fonctionnalit\u00e9s qui faciliteront le quotidien de nos utilisateurs. Qu&rsquo;il s&rsquo;agisse de nouvelles fonctionnalit\u00e9s, d&rsquo;options de confort suppl\u00e9mentaires ou de fonctionnalit\u00e9s d&rsquo;ergonomie am\u00e9lior\u00e9es, notre objectif est de faire d&rsquo;iSee One un outil \u00e9volutif qui s&rsquo;adapte aux besoins de ceux qui l&rsquo;utilisent le plus.  <\/p><p>Gr\u00e2ce \u00e0 cette approche collaborative, nous souhaitons continuellement perfectionner iSee One, en veillant \u00e0 ce qu&rsquo;il demeure non seulement une innovation technologique, <strong>mais aussi une solution v\u00e9ritablement centr\u00e9e sur l&rsquo;utilisateur, apportant des am\u00e9liorations significatives \u00e0 la vie des personnes aveugles<\/strong>. iSee est plus qu&rsquo;un produit ; <strong>c&rsquo;est une mission d&rsquo;inclusion, port\u00e9e par notre engagement \u00e0 faire de la technologie un outil d&rsquo;autonomisation pour tous.<\/strong> <\/p>\t\t\t\t\t\t\t\t<\/div>\n\t\t\t\t<\/div>\n\t\t\t\t<\/div>\n\t\t<div class=\"elementor-element elementor-element-60d2fab e-con-full e-flex e-con e-child\" data-id=\"60d2fab\" data-element_type=\"container\">\n\t\t\t\t<div class=\"elementor-element elementor-element-ee64284 elementor-widget elementor-widget-image\" data-id=\"ee64284\" data-element_type=\"widget\" data-widget_type=\"image.default\">\n\t\t\t\t<div class=\"elementor-widget-container\">\n\t\t\t\t\t\t\t\t\t\t\t\t\t\t\t<img fetchpriority=\"high\" decoding=\"async\" width=\"882\" height=\"1342\" src=\"https:\/\/isee-one.com\/wp-content\/uploads\/2024\/11\/seo-tree.svg\" class=\"attachment-full size-full wp-image-5924\" alt=\"seo tree\" \/>\t\t\t\t\t\t\t\t\t\t\t\t\t\t\t<\/div>\n\t\t\t\t<\/div>\n\t\t\t\t<\/div>\n\t\t\t\t\t<\/div>\n\t\t\t\t<\/div>\n\t\t\t\t<\/div>\n\t\t","protected":false},"excerpt":{"rendered":"<p>Retour \u00e0 l&rsquo;accueil Innovation Through Partnership Chez iSee, nous sommes convaincus que la v\u00e9ritable innovation na\u00eet de la collaboration. Le d\u00e9veloppement d&rsquo;iSee One a \u00e9t\u00e9 rendu possible gr\u00e2ce \u00e0 l&rsquo;expertise et au d\u00e9vouement de nos partenaires de confiance : des entreprises fournissant des composants essentiels et des professionnels sp\u00e9cialis\u00e9s apportant leurs connaissances. Ces experts, forts [&hellip;]<\/p>\n","protected":false},"author":1,"featured_media":5949,"parent":0,"menu_order":0,"comment_status":"closed","ping_status":"closed","template":"","meta":{"footnotes":""},"class_list":["post-6477","page","type-page","status-publish","has-post-thumbnail","hentry"],"_links":{"self":[{"href":"https:\/\/isee-one.com\/fr\/wp-json\/wp\/v2\/pages\/6477","targetHints":{"allow":["GET"]}}],"collection":[{"href":"https:\/\/isee-one.com\/fr\/wp-json\/wp\/v2\/pages"}],"about":[{"href":"https:\/\/isee-one.com\/fr\/wp-json\/wp\/v2\/types\/page"}],"author":[{"embeddable":true,"href":"https:\/\/isee-one.com\/fr\/wp-json\/wp\/v2\/users\/1"}],"replies":[{"embeddable":true,"href":"https:\/\/isee-one.com\/fr\/wp-json\/wp\/v2\/comments?post=6477"}],"version-history":[{"count":2,"href":"https:\/\/isee-one.com\/fr\/wp-json\/wp\/v2\/pages\/6477\/revisions"}],"predecessor-version":[{"id":8061,"href":"https:\/\/isee-one.com\/fr\/wp-json\/wp\/v2\/pages\/6477\/revisions\/8061"}],"wp:featuredmedia":[{"embeddable":true,"href":"https:\/\/isee-one.com\/fr\/wp-json\/wp\/v2\/media\/5949"}],"wp:attachment":[{"href":"https:\/\/isee-one.com\/fr\/wp-json\/wp\/v2\/media?parent=6477"}],"curies":[{"name":"wp","href":"https:\/\/api.w.org\/{rel}","templated":true}]}}