{"id":6458,"date":"2024-11-20T20:44:45","date_gmt":"2024-11-20T20:44:45","guid":{"rendered":"https:\/\/isee-one.com\/le-contexte\/"},"modified":"2026-01-02T23:25:08","modified_gmt":"2026-01-02T23:25:08","slug":"le-contexte","status":"publish","type":"page","link":"https:\/\/isee-one.com\/fr\/le-contexte\/","title":{"rendered":"Le contexte"},"content":{"rendered":"\t\t<div data-elementor-type=\"wp-page\" data-elementor-id=\"6458\" class=\"elementor elementor-6458 elementor-2009\" data-elementor-post-type=\"page\">\n\t\t\t\t<div class=\"elementor-element elementor-element-5f8e511b e-flex e-con-boxed e-con e-parent\" data-id=\"5f8e511b\" data-element_type=\"container\">\n\t\t\t\t\t<div class=\"e-con-inner\">\n\t\t\t\t<div class=\"elementor-element elementor-element-3896377a elementor-widget elementor-widget-button\" data-id=\"3896377a\" data-element_type=\"widget\" data-widget_type=\"button.default\">\n\t\t\t\t<div class=\"elementor-widget-container\">\n\t\t\t\t\t\t\t\t\t<div class=\"elementor-button-wrapper\">\n\t\t\t\t\t<a class=\"elementor-button elementor-button-link elementor-size-sm\" href=\"https:\/\/isee-one.com\/fr\/\" aria-label=\"Back to home\">\n\t\t\t\t\t\t<span class=\"elementor-button-content-wrapper\">\n\t\t\t\t\t\t<span class=\"elementor-button-icon\">\n\t\t\t\t<svg aria-hidden=\"true\" class=\"e-font-icon-svg e-fas-chevron-left\" viewBox=\"0 0 320 512\" xmlns=\"http:\/\/www.w3.org\/2000\/svg\"><path d=\"M34.52 239.03L228.87 44.69c9.37-9.37 24.57-9.37 33.94 0l22.67 22.67c9.36 9.36 9.37 24.52.04 33.9L131.49 256l154.02 154.75c9.34 9.38 9.32 24.54-.04 33.9l-22.67 22.67c-9.37 9.37-24.57 9.37-33.94 0L34.52 272.97c-9.37-9.37-9.37-24.57 0-33.94z\"><\/path><\/svg>\t\t\t<\/span>\n\t\t\t\t\t\t\t\t\t<span class=\"elementor-button-text\">Retour \u00e0 l'accueil<\/span>\n\t\t\t\t\t<\/span>\n\t\t\t\t\t<\/a>\n\t\t\t\t<\/div>\n\t\t\t\t\t\t\t\t<\/div>\n\t\t\t\t<\/div>\n\t\t\t\t\t<\/div>\n\t\t\t\t<\/div>\n\t\t<div class=\"elementor-element elementor-element-4b9b4d1 e-flex e-con-boxed e-con e-parent\" data-id=\"4b9b4d1\" data-element_type=\"container\">\n\t\t\t\t\t<div class=\"e-con-inner\">\n\t\t\t\t<div class=\"elementor-element elementor-element-09b1b21 elementor-widget elementor-widget-heading\" data-id=\"09b1b21\" data-element_type=\"widget\" data-widget_type=\"heading.default\">\n\t\t\t\t<div class=\"elementor-widget-container\">\n\t\t\t\t\t<h2 class=\"elementor-heading-title elementor-size-default\">LE CONTEXTE<\/h2>\t\t\t\t<\/div>\n\t\t\t\t<\/div>\n\t\t\t\t<div class=\"elementor-element elementor-element-54231d9 elementor-widget elementor-widget-text-editor\" data-id=\"54231d9\" data-element_type=\"widget\" data-widget_type=\"text-editor.default\">\n\t\t\t\t<div class=\"elementor-widget-container\">\n\t\t\t\t\t\t\t\t\t<p>Partout dans le monde, les personnes aveugles sont confront\u00e9es \u00e0 des d\u00e9fis majeurs, notamment en mati\u00e8re de mobilit\u00e9 et de sensibilisation \u00e0 l&rsquo;environnement. Les aides traditionnelles telles que les chiens guides, les cannes blanches et les syst\u00e8mes Braille restent essentielles \u00e0 la s\u00e9curit\u00e9 et \u00e0 l&rsquo;autonomie, mais leur efficacit\u00e9 est limit\u00e9e dans les environnements ext\u00e9rieurs dynamiques et complexes. Malgr\u00e9 les progr\u00e8s des technologies d&rsquo;assistance, les solutions existantes se concentrent principalement sur les applications int\u00e9rieures, laissant la mobilit\u00e9 ext\u00e9rieure largement sous-exploit\u00e9e. Cela a cr\u00e9\u00e9 un \u00ab foss\u00e9 de mobilit\u00e9 \u00bb, limitant l&rsquo;autonomie des personnes aveugles et augmentant les risques et l&rsquo;inconfort li\u00e9s aux d\u00e9placements quotidiens en ext\u00e9rieur. Les recherches et les enqu\u00eates aupr\u00e8s des utilisateurs r\u00e9v\u00e8lent un fort d\u00e9sir d&rsquo;aides portables permettant une utilisation mains libres et capables de d\u00e9tecter et de signaler les obstacles avant tout contact. La demande pour des technologies d&rsquo;assistance avanc\u00e9es, centr\u00e9es sur l&rsquo;utilisateur, permettant une navigation plus s\u00fbre et plus autonome est claire et croissante.     <\/p>\t\t\t\t\t\t\t\t<\/div>\n\t\t\t\t<\/div>\n\t\t\t\t\t<\/div>\n\t\t\t\t<\/div>\n\t\t<div class=\"elementor-element elementor-element-2d625a8 e-flex e-con-boxed e-con e-parent\" data-id=\"2d625a8\" data-element_type=\"container\">\n\t\t\t\t\t<div class=\"e-con-inner\">\n\t\t\t\t<div class=\"elementor-element elementor-element-a39222c elementor-hidden-mobile elementor-widget elementor-widget-image\" data-id=\"a39222c\" data-element_type=\"widget\" data-widget_type=\"image.default\">\n\t\t\t\t<div class=\"elementor-widget-container\">\n\t\t\t\t\t\t\t\t\t\t\t\t\t\t\t<img fetchpriority=\"high\" decoding=\"async\" width=\"1767\" height=\"963\" src=\"https:\/\/isee-one.com\/wp-content\/uploads\/2025\/05\/mil-fr.png\" class=\"attachment-full size-full wp-image-5821\" alt=\"statistics desktop\" srcset=\"https:\/\/isee-one.com\/wp-content\/uploads\/2025\/05\/mil-fr.png 1767w, https:\/\/isee-one.com\/wp-content\/uploads\/2025\/05\/mil-fr-300x163.png 300w, https:\/\/isee-one.com\/wp-content\/uploads\/2025\/05\/mil-fr-1024x558.png 1024w, https:\/\/isee-one.com\/wp-content\/uploads\/2025\/05\/mil-fr-768x419.png 768w, https:\/\/isee-one.com\/wp-content\/uploads\/2025\/05\/mil-fr-1536x837.png 1536w, https:\/\/isee-one.com\/wp-content\/uploads\/2025\/05\/mil-fr-600x327.png 600w\" sizes=\"(max-width: 1767px) 100vw, 1767px\" \/>\t\t\t\t\t\t\t\t\t\t\t\t\t\t\t<\/div>\n\t\t\t\t<\/div>\n\t\t\t\t<div class=\"elementor-element elementor-element-4116838 elementor-hidden-desktop elementor-hidden-tablet elementor-widget elementor-widget-image\" data-id=\"4116838\" data-element_type=\"widget\" data-widget_type=\"image.default\">\n\t\t\t\t<div class=\"elementor-widget-container\">\n\t\t\t\t\t\t\t\t\t\t\t\t\t\t\t<img decoding=\"async\" width=\"685\" height=\"1066\" src=\"https:\/\/isee-one.com\/wp-content\/uploads\/2025\/05\/fr.png\" class=\"attachment-full size-full wp-image-5819\" alt=\"statitics mobile\" srcset=\"https:\/\/isee-one.com\/wp-content\/uploads\/2025\/05\/fr.png 685w, https:\/\/isee-one.com\/wp-content\/uploads\/2025\/05\/fr-193x300.png 193w, https:\/\/isee-one.com\/wp-content\/uploads\/2025\/05\/fr-658x1024.png 658w, https:\/\/isee-one.com\/wp-content\/uploads\/2025\/05\/fr-600x934.png 600w\" sizes=\"(max-width: 685px) 100vw, 685px\" \/>\t\t\t\t\t\t\t\t\t\t\t\t\t\t\t<\/div>\n\t\t\t\t<\/div>\n\t\t\t\t\t<\/div>\n\t\t\t\t<\/div>\n\t\t<div class=\"elementor-element elementor-element-5ebe0d39 e-con-full e-flex e-con e-parent\" data-id=\"5ebe0d39\" data-element_type=\"container\">\n\t\t<div class=\"elementor-element elementor-element-22ef6da1 e-flex e-con-boxed e-con e-child\" data-id=\"22ef6da1\" data-element_type=\"container\" data-settings=\"{&quot;background_background&quot;:&quot;classic&quot;}\">\n\t\t\t\t\t<div class=\"e-con-inner\">\n\t\t<div class=\"elementor-element elementor-element-b259b9a e-con-full e-flex e-con e-child\" data-id=\"b259b9a\" data-element_type=\"container\">\n\t\t\t\t<div class=\"elementor-element elementor-element-fe7118f elementor-widget elementor-widget-heading\" data-id=\"fe7118f\" data-element_type=\"widget\" data-widget_type=\"heading.default\">\n\t\t\t\t<div class=\"elementor-widget-container\">\n\t\t\t\t\t<h2 class=\"elementor-heading-title elementor-size-default\">R\u00c9PARTITION <br>G\u00c9OGRAPHIQUE<\/h2>\t\t\t\t<\/div>\n\t\t\t\t<\/div>\n\t\t\t\t<div class=\"elementor-element elementor-element-17e0ac4 elementor-widget elementor-widget-text-editor\" data-id=\"17e0ac4\" data-element_type=\"widget\" data-widget_type=\"text-editor.default\">\n\t\t\t\t<div class=\"elementor-widget-container\">\n\t\t\t\t\t\t\t\t\t<p>La <strong>majorit\u00e9 des personnes aveugles vivent dans des pays comme la Chine et l&rsquo;Inde<\/strong>, et \u00e9tonnamment, <strong>90 % d&rsquo;entre elles r\u00e9sident dans des pays \u00e0 revenu faible ou interm\u00e9diaire.<\/strong><br>Ces statistiques soulignent l&rsquo;urgence de relever les d\u00e9fis li\u00e9s \u00e0 la c\u00e9cit\u00e9 et l&rsquo;importance de d\u00e9velopper des solutions technologiques susceptibles d&rsquo;am\u00e9liorer la qualit\u00e9 de vie de ces personnes.<\/p>\t\t\t\t\t\t\t\t<\/div>\n\t\t\t\t<\/div>\n\t\t\t\t<\/div>\n\t\t<div class=\"elementor-element elementor-element-32b5596 e-con-full e-flex e-con e-child\" data-id=\"32b5596\" data-element_type=\"container\">\n\t\t\t\t<div class=\"elementor-element elementor-element-f87b60d elementor-widget elementor-widget-image\" data-id=\"f87b60d\" data-element_type=\"widget\" data-widget_type=\"image.default\">\n\t\t\t\t<div class=\"elementor-widget-container\">\n\t\t\t\t\t\t\t\t\t\t\t\t\t\t\t<img decoding=\"async\" width=\"914\" height=\"814\" src=\"https:\/\/isee-one.com\/wp-content\/uploads\/2024\/11\/map-with-india-and-china.webp\" class=\"attachment-full size-full wp-image-5823\" alt=\"map with india and china\" srcset=\"https:\/\/isee-one.com\/wp-content\/uploads\/2024\/11\/map-with-india-and-china.webp 914w, https:\/\/isee-one.com\/wp-content\/uploads\/2024\/11\/map-with-india-and-china-600x534.webp 600w, https:\/\/isee-one.com\/wp-content\/uploads\/2024\/11\/map-with-india-and-china-300x267.webp 300w, https:\/\/isee-one.com\/wp-content\/uploads\/2024\/11\/map-with-india-and-china-768x684.webp 768w\" sizes=\"(max-width: 914px) 100vw, 914px\" \/>\t\t\t\t\t\t\t\t\t\t\t\t\t\t\t<\/div>\n\t\t\t\t<\/div>\n\t\t\t\t<\/div>\n\t\t\t\t\t<\/div>\n\t\t\t\t<\/div>\n\t\t\t\t<\/div>\n\t\t<div class=\"elementor-element elementor-element-11b6233 e-flex e-con-boxed e-con e-parent\" data-id=\"11b6233\" data-element_type=\"container\">\n\t\t\t\t\t<div class=\"e-con-inner\">\n\t\t\t\t<div class=\"elementor-element elementor-element-148b06c elementor-widget elementor-widget-heading\" data-id=\"148b06c\" data-element_type=\"widget\" data-widget_type=\"heading.default\">\n\t\t\t\t<div class=\"elementor-widget-container\">\n\t\t\t\t\t<h2 class=\"elementor-heading-title elementor-size-default\">Projections futures<\/h2>\t\t\t\t<\/div>\n\t\t\t\t<\/div>\n\t\t\t\t<div class=\"elementor-element elementor-element-cc4f04e elementor-widget elementor-widget-text-editor\" data-id=\"cc4f04e\" data-element_type=\"widget\" data-widget_type=\"text-editor.default\">\n\t\t\t\t<div class=\"elementor-widget-container\">\n\t\t\t\t\t\t\t\t\t<p>D&rsquo;ici 2050, on pr\u00e9voit une augmentation significative de la population mondiale de personnes aveugles. Il est surprenant de constater que 90 % des cas de c\u00e9cit\u00e9 pourraient \u00eatre \u00e9vit\u00e9s, ouvrant ainsi la voie \u00e0 des initiatives significatives. <\/p>\t\t\t\t\t\t\t\t<\/div>\n\t\t\t\t<\/div>\n\t\t<div class=\"elementor-element elementor-element-7467ac7 e-con-full e-flex e-con e-child\" data-id=\"7467ac7\" data-element_type=\"container\">\n\t\t\t\t<div class=\"elementor-element elementor-element-931ed56 no-p-margin elementor-widget elementor-widget-text-editor\" data-id=\"931ed56\" data-element_type=\"widget\" data-widget_type=\"text-editor.default\">\n\t\t\t\t<div class=\"elementor-widget-container\">\n\t\t\t\t\t\t\t\t\t<p>\u00e0 partir de 43 millions<\/p>\t\t\t\t\t\t\t\t<\/div>\n\t\t\t\t<\/div>\n\t\t\t\t<div class=\"elementor-element elementor-element-0895f76 elementor-view-default elementor-widget elementor-widget-icon\" data-id=\"0895f76\" data-element_type=\"widget\" data-widget_type=\"icon.default\">\n\t\t\t\t<div class=\"elementor-widget-container\">\n\t\t\t\t\t\t\t<div class=\"elementor-icon-wrapper\">\n\t\t\t<div class=\"elementor-icon\">\n\t\t\t<svg xmlns=\"http:\/\/www.w3.org\/2000\/svg\" width=\"72\" height=\"83\" viewBox=\"0 0 72 83\" fill=\"none\"><g clip-path=\"url(#clip0_269_1837)\"><path d=\"M27.9995 1.3545C26.2215 3.15529 26.2215 6.08715 27.9995 7.88794C29.7774 9.68873 32.6461 9.68873 34.4241 7.88794C36.202 6.08715 36.202 3.15529 34.4241 1.3545C32.6461 -0.446291 29.7774 -0.446291 27.9995 1.3545Z\" fill=\"#F0DF00\"><\/path><path d=\"M40.0854 13.6472C38.3075 15.448 38.3075 18.3799 40.0854 20.1807C41.8634 21.9814 44.732 21.9814 46.51 20.1807C48.288 18.3799 48.288 15.448 46.51 13.6472C44.732 11.8464 41.8634 11.8464 40.0854 13.6472Z\" fill=\"#F0DF00\"><\/path><path d=\"M52.1733 25.9403C50.3954 27.7411 50.3954 30.6729 52.1733 32.4737C53.9513 34.2745 56.8199 34.2745 58.5979 32.4737C60.3759 30.6729 60.3759 27.7411 58.5979 25.9403C56.8199 24.1395 53.9513 24.1395 52.1733 25.9403Z\" fill=\"#F0DF00\"><\/path><path d=\"M64.2456 38.2333C62.4676 40.0341 62.4676 42.9659 64.2456 44.7667C66.0235 46.5675 68.8922 46.5675 70.6701 44.7667C72.4481 42.9659 72.4481 40.0341 70.6701 38.2333C68.8922 36.4325 66.0235 36.4325 64.2456 38.2333Z\" fill=\"#F0DF00\"><\/path><path d=\"M27.9995 81.6458C26.2215 79.845 26.2215 76.9131 27.9995 75.1123C29.7774 73.3115 32.6461 73.3115 34.4241 75.1123C36.202 76.9131 36.202 79.845 34.4241 81.6458C32.6461 83.4465 29.7774 83.4465 27.9995 81.6458Z\" fill=\"#F0DF00\"><\/path><path d=\"M40.0854 69.3528C38.3075 67.552 38.3075 64.6201 40.0854 62.8193C41.8634 61.0186 44.732 61.0186 46.51 62.8193C48.288 64.6201 48.288 67.552 46.51 69.3528C44.732 71.1536 41.8634 71.1536 40.0854 69.3528Z\" fill=\"#F0DF00\"><\/path><path d=\"M52.1733 57.0597C50.3954 55.2589 50.3954 52.3271 52.1733 50.5263C53.9513 48.7255 56.8199 48.7255 58.5979 50.5263C60.3759 52.3271 60.3759 55.2589 58.5979 57.0597C56.8199 58.8605 53.9513 58.8605 52.1733 57.0597Z\" fill=\"#F0DF00\"><\/path><path d=\"M64.2456 44.7667C62.4676 42.9659 62.4676 40.0341 64.2456 38.2333C66.0235 36.4325 68.8922 36.4325 70.6701 38.2333C72.4481 40.0341 72.4481 42.9659 70.6701 44.7667C68.8922 46.5675 66.0235 46.5675 64.2456 44.7667Z\" fill=\"#F0DF00\"><\/path><path d=\"M1.32957 1.3546C-0.448397 3.15539 -0.448397 6.08726 1.32957 7.88805C3.10753 9.68883 5.97617 9.68883 7.75414 7.88805C9.5321 6.08726 9.5321 3.15539 7.75414 1.3546C5.97617 -0.446184 3.10753 -0.446184 1.32957 1.3546Z\" fill=\"#F0DF00\"><\/path><path d=\"M13.4155 13.6472C11.6375 15.448 11.6375 18.3799 13.4155 20.1807C15.1935 21.9814 18.0621 21.9814 19.8401 20.1807C21.618 18.3799 21.618 15.448 19.8401 13.6472C18.0621 11.8464 15.1935 11.8464 13.4155 13.6472Z\" fill=\"#F0DF00\"><\/path><path d=\"M25.4878 25.9407C23.7098 27.7415 23.7098 30.6734 25.4878 32.4742C27.2657 34.2749 30.1344 34.2749 31.9123 32.4742C33.6903 30.6734 33.6903 27.7415 31.9123 25.9407C30.1344 24.1399 27.2657 24.1399 25.4878 25.9407Z\" fill=\"#F0DF00\"><\/path><path d=\"M37.5776 38.2336C35.7997 40.0344 35.7997 42.9662 37.5776 44.767C39.3556 46.5678 42.2242 46.5678 44.0022 44.767C45.7801 42.9662 45.7801 40.0344 44.0022 38.2336C42.2242 36.4328 39.3556 36.4328 37.5776 38.2336Z\" fill=\"#F0DF00\"><\/path><path d=\"M1.32957 81.6457C-0.448397 79.8449 -0.448397 76.913 1.32957 75.1122C3.10753 73.3115 5.97617 73.3115 7.75414 75.1122C9.5321 76.913 9.5321 79.8449 7.75414 81.6457C5.97617 83.4465 3.10753 83.4465 1.32957 81.6457Z\" fill=\"#F0DF00\"><\/path><path d=\"M13.4155 69.3528C11.6375 67.552 11.6375 64.6201 13.4155 62.8193C15.1935 61.0186 18.0621 61.0186 19.8401 62.8193C21.618 64.6201 21.618 67.552 19.8401 69.3528C18.0621 71.1536 15.1935 71.1536 13.4155 69.3528Z\" fill=\"#F0DF00\"><\/path><path d=\"M25.4878 57.0599C23.7098 55.2591 23.7098 52.3273 25.4878 50.5265C27.2657 48.7257 30.1344 48.7257 31.9123 50.5265C33.6903 52.3273 33.6903 55.2591 31.9123 57.0599C30.1344 58.8607 27.2657 58.8607 25.4878 57.0599Z\" fill=\"#F0DF00\"><\/path><path d=\"M37.5776 44.767C35.7997 42.9662 35.7997 40.0344 37.5776 38.2336C39.3556 36.4328 42.2242 36.4328 44.0022 38.2336C45.7801 40.0344 45.7801 42.9662 44.0022 44.767C42.2242 46.5678 39.3556 46.5678 37.5776 44.767Z\" fill=\"#F0DF00\"><\/path><\/g><defs><clipPath id=\"clip0_269_1837\"><rect width=\"72\" height=\"83\" fill=\"white\"><\/rect><\/clipPath><\/defs><\/svg>\t\t\t<\/div>\n\t\t<\/div>\n\t\t\t\t\t\t<\/div>\n\t\t\t\t<\/div>\n\t\t\t\t<div class=\"elementor-element elementor-element-a0ec976 no-p-margin elementor-widget elementor-widget-text-editor\" data-id=\"a0ec976\" data-element_type=\"widget\" data-widget_type=\"text-editor.default\">\n\t\t\t\t<div class=\"elementor-widget-container\">\n\t\t\t\t\t\t\t\t\t<p>\u00e0 61 millions<\/p>\t\t\t\t\t\t\t\t<\/div>\n\t\t\t\t<\/div>\n\t\t\t\t<\/div>\n\t\t\t\t<div class=\"elementor-element elementor-element-8f2d3a5 elementor-widget elementor-widget-text-editor\" data-id=\"8f2d3a5\" data-element_type=\"widget\" data-widget_type=\"text-editor.default\">\n\t\t\t\t<div class=\"elementor-widget-container\">\n\t\t\t\t\t\t\t\t\t<p>iSee One est con\u00e7u pour am\u00e9liorer la mobilit\u00e9 des personnes aveugles en fournissant une connaissance de l&rsquo;environnement en temps r\u00e9el gr\u00e2ce \u00e0 une technologie de capteur avanc\u00e9e et \u00e0 un retour intuitif, comblant ainsi le foss\u00e9 entre les aides \u00e0 la mobilit\u00e9 traditionnelles et les solutions d&rsquo;assistance modernes.<\/p>\t\t\t\t\t\t\t\t<\/div>\n\t\t\t\t<\/div>\n\t\t\t\t\t<\/div>\n\t\t\t\t<\/div>\n\t\t<div class=\"elementor-element elementor-element-41ea40b e-con-full e-flex e-con e-parent\" data-id=\"41ea40b\" data-element_type=\"container\">\n\t\t<div class=\"elementor-element elementor-element-a6082f3 e-con-full width-calc-container elementor-hidden-mobile e-flex e-con e-child\" data-id=\"a6082f3\" data-element_type=\"container\">\n\t\t\t\t<\/div>\n\t\t<div class=\"elementor-element elementor-element-7edef33 e-con-full e-flex e-con e-child\" data-id=\"7edef33\" data-element_type=\"container\">\n\t\t\t\t<div class=\"elementor-element elementor-element-473ef71 elementor-widget elementor-widget-image\" data-id=\"473ef71\" data-element_type=\"widget\" data-widget_type=\"image.default\">\n\t\t\t\t<div class=\"elementor-widget-container\">\n\t\t\t\t\t\t\t\t\t\t\t\t\t\t\t<img loading=\"lazy\" decoding=\"async\" width=\"109\" height=\"262\" src=\"https:\/\/isee-one.com\/wp-content\/uploads\/2024\/11\/woman-silluete.svg\" class=\"attachment-large size-large wp-image-5825\" alt=\"woman silluete\" \/>\t\t\t\t\t\t\t\t\t\t\t\t\t\t\t<\/div>\n\t\t\t\t<\/div>\n\t\t\t\t<div class=\"elementor-element elementor-element-28862e9 elementor-widget elementor-widget-image\" data-id=\"28862e9\" data-element_type=\"widget\" data-widget_type=\"image.default\">\n\t\t\t\t<div class=\"elementor-widget-container\">\n\t\t\t\t\t\t\t\t\t\t\t\t\t\t\t<img loading=\"lazy\" decoding=\"async\" width=\"108\" height=\"262\" src=\"https:\/\/isee-one.com\/wp-content\/uploads\/2024\/11\/man-silluete.svg\" class=\"attachment-large size-large wp-image-5827\" alt=\"man silluete\" \/>\t\t\t\t\t\t\t\t\t\t\t\t\t\t\t<\/div>\n\t\t\t\t<\/div>\n\t\t\t\t<\/div>\n\t\t<div class=\"elementor-element elementor-element-b6993cd e-con-full max-width-half-full-container-1000 e-flex e-con e-child\" data-id=\"b6993cd\" data-element_type=\"container\" data-settings=\"{&quot;background_background&quot;:&quot;classic&quot;}\">\n\t\t\t\t<div class=\"elementor-element elementor-element-1a0b773 elementor-widget elementor-widget-text-editor\" data-id=\"1a0b773\" data-element_type=\"widget\" data-widget_type=\"text-editor.default\">\n\t\t\t\t<div class=\"elementor-widget-container\">\n\t\t\t\t\t\t\t\t\t<p><strong>La pr\u00e9valence de la c\u00e9cit\u00e9<\/strong> reste relativement stable, avec une <strong>l\u00e9g\u00e8re majorit\u00e9 d\u2019utilisatrices<\/strong> par rapport aux utilisateurs masculins.<\/p>\t\t\t\t\t\t\t\t<\/div>\n\t\t\t\t<\/div>\n\t\t\t\t<\/div>\n\t\t\t\t<\/div>\n\t\t\t\t<\/div>\n\t\t","protected":false},"excerpt":{"rendered":"<p>Retour \u00e0 l&rsquo;accueil LE CONTEXTE Partout dans le monde, les personnes aveugles sont confront\u00e9es \u00e0 des d\u00e9fis majeurs, notamment en mati\u00e8re de mobilit\u00e9 et de sensibilisation \u00e0 l&rsquo;environnement. Les aides traditionnelles telles que les chiens guides, les cannes blanches et les syst\u00e8mes Braille restent essentielles \u00e0 la s\u00e9curit\u00e9 et \u00e0 l&rsquo;autonomie, mais leur efficacit\u00e9 est [&hellip;]<\/p>\n","protected":false},"author":1,"featured_media":5949,"parent":0,"menu_order":0,"comment_status":"closed","ping_status":"closed","template":"","meta":{"footnotes":""},"class_list":["post-6458","page","type-page","status-publish","has-post-thumbnail","hentry"],"_links":{"self":[{"href":"https:\/\/isee-one.com\/fr\/wp-json\/wp\/v2\/pages\/6458","targetHints":{"allow":["GET"]}}],"collection":[{"href":"https:\/\/isee-one.com\/fr\/wp-json\/wp\/v2\/pages"}],"about":[{"href":"https:\/\/isee-one.com\/fr\/wp-json\/wp\/v2\/types\/page"}],"author":[{"embeddable":true,"href":"https:\/\/isee-one.com\/fr\/wp-json\/wp\/v2\/users\/1"}],"replies":[{"embeddable":true,"href":"https:\/\/isee-one.com\/fr\/wp-json\/wp\/v2\/comments?post=6458"}],"version-history":[{"count":2,"href":"https:\/\/isee-one.com\/fr\/wp-json\/wp\/v2\/pages\/6458\/revisions"}],"predecessor-version":[{"id":8055,"href":"https:\/\/isee-one.com\/fr\/wp-json\/wp\/v2\/pages\/6458\/revisions\/8055"}],"wp:featuredmedia":[{"embeddable":true,"href":"https:\/\/isee-one.com\/fr\/wp-json\/wp\/v2\/media\/5949"}],"wp:attachment":[{"href":"https:\/\/isee-one.com\/fr\/wp-json\/wp\/v2\/media?parent=6458"}],"curies":[{"name":"wp","href":"https:\/\/api.w.org\/{rel}","templated":true}]}}