{"id":6456,"date":"2024-11-18T12:25:44","date_gmt":"2024-11-18T12:25:44","guid":{"rendered":"https:\/\/isee-one.com\/le-projet-isee\/"},"modified":"2026-01-02T23:43:29","modified_gmt":"2026-01-02T23:43:29","slug":"le-projet-isee","status":"publish","type":"page","link":"https:\/\/isee-one.com\/fr\/le-projet-isee\/","title":{"rendered":"Le projet iSee"},"content":{"rendered":"\t\t<div data-elementor-type=\"wp-page\" data-elementor-id=\"6456\" class=\"elementor elementor-6456 elementor-1627\" data-elementor-post-type=\"page\">\n\t\t\t\t<div class=\"elementor-element elementor-element-6fbbcdee e-flex e-con-boxed e-con e-parent\" data-id=\"6fbbcdee\" data-element_type=\"container\">\n\t\t\t\t\t<div class=\"e-con-inner\">\n\t\t\t\t<div class=\"elementor-element elementor-element-771a4a34 elementor-widget elementor-widget-button\" data-id=\"771a4a34\" data-element_type=\"widget\" data-widget_type=\"button.default\">\n\t\t\t\t<div class=\"elementor-widget-container\">\n\t\t\t\t\t\t\t\t\t<div class=\"elementor-button-wrapper\">\n\t\t\t\t\t<a class=\"elementor-button elementor-button-link elementor-size-sm\" href=\"https:\/\/isee-one.com\/fr\/\" aria-label=\"Back to home\">\n\t\t\t\t\t\t<span class=\"elementor-button-content-wrapper\">\n\t\t\t\t\t\t<span class=\"elementor-button-icon\">\n\t\t\t\t<svg aria-hidden=\"true\" class=\"e-font-icon-svg e-fas-chevron-left\" viewBox=\"0 0 320 512\" xmlns=\"http:\/\/www.w3.org\/2000\/svg\"><path d=\"M34.52 239.03L228.87 44.69c9.37-9.37 24.57-9.37 33.94 0l22.67 22.67c9.36 9.36 9.37 24.52.04 33.9L131.49 256l154.02 154.75c9.34 9.38 9.32 24.54-.04 33.9l-22.67 22.67c-9.37 9.37-24.57 9.37-33.94 0L34.52 272.97c-9.37-9.37-9.37-24.57 0-33.94z\"><\/path><\/svg>\t\t\t<\/span>\n\t\t\t\t\t\t\t\t\t<span class=\"elementor-button-text\">Retour \u00e0 l'accueil<\/span>\n\t\t\t\t\t<\/span>\n\t\t\t\t\t<\/a>\n\t\t\t\t<\/div>\n\t\t\t\t\t\t\t\t<\/div>\n\t\t\t\t<\/div>\n\t\t\t\t\t<\/div>\n\t\t\t\t<\/div>\n\t\t<div class=\"elementor-element elementor-element-842d18c e-flex e-con-boxed e-con e-parent\" data-id=\"842d18c\" data-element_type=\"container\">\n\t\t\t\t\t<div class=\"e-con-inner\">\n\t\t\t\t<div class=\"elementor-element elementor-element-37e3175 elementor-widget elementor-widget-text-editor\" data-id=\"37e3175\" data-element_type=\"widget\" data-widget_type=\"text-editor.default\">\n\t\t\t\t<div class=\"elementor-widget-container\">\n\t\t\t\t\t\t\t\t\t<p><img fetchpriority=\"high\" decoding=\"async\" class=\"glasses-shape-project wp-image-2180 size-medium alignright\" src=\"https:\/\/isee-one.com\/wp-content\/uploads\/2024\/11\/glasses-scelet.webp\" width=\"800\" height=\"600\"><\/p><p><img decoding=\"async\" class=\"size-full wp-image-1009 alignnone\" style=\"max-width: 60%; margin-bottom: 20px;\" src=\"https:\/\/isee-one.com\/wp-content\/uploads\/2024\/11\/iSee-Logo.svg\" alt=\"iSee Logo\" width=\"418\" height=\"124\"><\/p><p class=\"glasses-shape-project-text\">Le projet iSee est une initiative sociale d\u00e9di\u00e9e au d\u00e9veloppement de solutions innovantes pour les besoins quotidiens des personnes aveugles. Engag\u00e9 \u00e0 am\u00e9liorer la qualit\u00e9 de vie et \u00e0 promouvoir une plus grande autonomie, iSee est enti\u00e8rement d\u00e9velopp\u00e9 et g\u00e9r\u00e9 en interne par iVision Tech, avec la participation directe des utilisateurs aveugles, dont la contribution est essentielle pour cr\u00e9er des solutions v\u00e9ritablement adapt\u00e9es \u00e0 leurs besoins. <\/p>\t\t\t\t\t\t\t\t<\/div>\n\t\t\t\t<\/div>\n\t\t\t\t\t<\/div>\n\t\t\t\t<\/div>\n\t\t<div class=\"elementor-element elementor-element-c085857 e-con-full e-flex e-con e-parent\" data-id=\"c085857\" data-element_type=\"container\">\n\t\t<div class=\"elementor-element elementor-element-583a432 e-con-full e-flex e-con e-child\" data-id=\"583a432\" data-element_type=\"container\" data-settings=\"{&quot;background_background&quot;:&quot;classic&quot;}\">\n\t\t\t\t<div class=\"elementor-element elementor-element-8d1b4ad elementor-widget elementor-widget-heading\" data-id=\"8d1b4ad\" data-element_type=\"widget\" data-widget_type=\"heading.default\">\n\t\t\t\t<div class=\"elementor-widget-container\">\n\t\t\t\t\t<h3 class=\"elementor-heading-title elementor-size-default\">Notre solution<\/h3>\t\t\t\t<\/div>\n\t\t\t\t<\/div>\n\t\t\t\t<div class=\"elementor-element elementor-element-c2dc864 max-char-text-57 elementor-widget elementor-widget-text-editor\" data-id=\"c2dc864\" data-element_type=\"widget\" data-widget_type=\"text-editor.default\">\n\t\t\t\t<div class=\"elementor-widget-container\">\n\t\t\t\t\t\t\t\t\t<p>L&rsquo;appareil iSee One repr\u00e9sente une avanc\u00e9e significative dans la technologie d&rsquo;assistance pour les aveugles, offrant une gamme de fonctionnalit\u00e9s con\u00e7ues pour am\u00e9liorer la mobilit\u00e9.<\/p>\t\t\t\t\t\t\t\t<\/div>\n\t\t\t\t<\/div>\n\t\t\t\t<\/div>\n\t\t\t\t<\/div>\n\t\t<div class=\"elementor-element elementor-element-9c32604 elementor-hidden-desktop e-flex e-con-boxed e-con e-parent\" data-id=\"9c32604\" data-element_type=\"container\">\n\t\t\t\t\t<div class=\"e-con-inner\">\n\t\t\t\t<div class=\"elementor-element elementor-element-10f35e5 elementor-widget elementor-widget-image\" data-id=\"10f35e5\" data-element_type=\"widget\" data-widget_type=\"image.default\">\n\t\t\t\t<div class=\"elementor-widget-container\">\n\t\t\t\t\t\t\t\t\t\t\t\t\t\t\t<img decoding=\"async\" width=\"800\" height=\"519\" src=\"https:\/\/isee-one.com\/wp-content\/uploads\/2024\/11\/glasses-skelet-1024x664.webp\" class=\"attachment-large size-large wp-image-5928\" alt=\"glasses skelet\" srcset=\"https:\/\/isee-one.com\/wp-content\/uploads\/2024\/11\/glasses-skelet-1024x664.webp 1024w, https:\/\/isee-one.com\/wp-content\/uploads\/2024\/11\/glasses-skelet-600x389.webp 600w, https:\/\/isee-one.com\/wp-content\/uploads\/2024\/11\/glasses-skelet-300x195.webp 300w, https:\/\/isee-one.com\/wp-content\/uploads\/2024\/11\/glasses-skelet-768x498.webp 768w, https:\/\/isee-one.com\/wp-content\/uploads\/2024\/11\/glasses-skelet.webp 1200w\" sizes=\"(max-width: 800px) 100vw, 800px\" \/>\t\t\t\t\t\t\t\t\t\t\t\t\t\t\t<\/div>\n\t\t\t\t<\/div>\n\t\t\t\t\t<\/div>\n\t\t\t\t<\/div>\n\t\t<div class=\"elementor-element elementor-element-e3fdf2f e-flex e-con-boxed e-con e-parent\" data-id=\"e3fdf2f\" data-element_type=\"container\">\n\t\t\t\t\t<div class=\"e-con-inner\">\n\t\t\t\t<div class=\"elementor-element elementor-element-4783f1b max-char-text-56 elementor-widget elementor-widget-text-editor\" data-id=\"4783f1b\" data-element_type=\"widget\" data-widget_type=\"text-editor.default\">\n\t\t\t\t<div class=\"elementor-widget-container\">\n\t\t\t\t\t\t\t\t\t<p>Avec une expertise int\u00e9gr\u00e9e en technologie de pointe et en lunettes, iVision Tech donne vie \u00e0 un projet qui fournit des produits v\u00e9ritablement accessibles et innovants. Le projet d\u00e9bute avec iSee One, un appareil qui se pr\u00e9sente dans la mobilit\u00e9 comme un outil innovant permettant aux utilisateurs de mieux comprendre leur environnement. Con\u00e7u comme le premier d\u2019une gamme d\u2019aides technologiques, iSee One ouvre la voie au d\u00e9veloppement de solutions suppl\u00e9mentaires qui combinent fonctionnalit\u00e9s avanc\u00e9es et simplicit\u00e9, avec un design discret pour accompagner les utilisateurs dans leur vie quotidienne.  <\/p>\t\t\t\t\t\t\t\t<\/div>\n\t\t\t\t<\/div>\n\t\t\t\t\t<\/div>\n\t\t\t\t<\/div>\n\t\t<div class=\"elementor-element elementor-element-9302750 custom-height-about e-flex e-con-boxed e-con e-parent\" data-id=\"9302750\" data-element_type=\"container\" data-settings=\"{&quot;background_background&quot;:&quot;classic&quot;}\">\n\t\t\t\t\t<div class=\"e-con-inner\">\n\t\t<div class=\"elementor-element elementor-element-c44215b e-con-full e-flex e-con e-child\" data-id=\"c44215b\" data-element_type=\"container\">\n\t\t\t\t<div class=\"elementor-element elementor-element-5254b9f elementor-view-default elementor-widget elementor-widget-icon\" data-id=\"5254b9f\" data-element_type=\"widget\" data-widget_type=\"icon.default\">\n\t\t\t\t<div class=\"elementor-widget-container\">\n\t\t\t\t\t\t\t<div class=\"elementor-icon-wrapper\">\n\t\t\t<div class=\"elementor-icon\">\n\t\t\t<svg xmlns=\"http:\/\/www.w3.org\/2000\/svg\" width=\"72\" height=\"83\" viewBox=\"0 0 72 83\" fill=\"none\"><g clip-path=\"url(#clip0_269_1837)\"><path d=\"M27.9995 1.3545C26.2215 3.15529 26.2215 6.08715 27.9995 7.88794C29.7774 9.68873 32.6461 9.68873 34.4241 7.88794C36.202 6.08715 36.202 3.15529 34.4241 1.3545C32.6461 -0.446291 29.7774 -0.446291 27.9995 1.3545Z\" fill=\"#F0DF00\"><\/path><path d=\"M40.0854 13.6472C38.3075 15.448 38.3075 18.3799 40.0854 20.1807C41.8634 21.9814 44.732 21.9814 46.51 20.1807C48.288 18.3799 48.288 15.448 46.51 13.6472C44.732 11.8464 41.8634 11.8464 40.0854 13.6472Z\" fill=\"#F0DF00\"><\/path><path d=\"M52.1733 25.9403C50.3954 27.7411 50.3954 30.6729 52.1733 32.4737C53.9513 34.2745 56.8199 34.2745 58.5979 32.4737C60.3759 30.6729 60.3759 27.7411 58.5979 25.9403C56.8199 24.1395 53.9513 24.1395 52.1733 25.9403Z\" fill=\"#F0DF00\"><\/path><path d=\"M64.2456 38.2333C62.4676 40.0341 62.4676 42.9659 64.2456 44.7667C66.0235 46.5675 68.8922 46.5675 70.6701 44.7667C72.4481 42.9659 72.4481 40.0341 70.6701 38.2333C68.8922 36.4325 66.0235 36.4325 64.2456 38.2333Z\" fill=\"#F0DF00\"><\/path><path d=\"M27.9995 81.6458C26.2215 79.845 26.2215 76.9131 27.9995 75.1123C29.7774 73.3115 32.6461 73.3115 34.4241 75.1123C36.202 76.9131 36.202 79.845 34.4241 81.6458C32.6461 83.4465 29.7774 83.4465 27.9995 81.6458Z\" fill=\"#F0DF00\"><\/path><path d=\"M40.0854 69.3528C38.3075 67.552 38.3075 64.6201 40.0854 62.8193C41.8634 61.0186 44.732 61.0186 46.51 62.8193C48.288 64.6201 48.288 67.552 46.51 69.3528C44.732 71.1536 41.8634 71.1536 40.0854 69.3528Z\" fill=\"#F0DF00\"><\/path><path d=\"M52.1733 57.0597C50.3954 55.2589 50.3954 52.3271 52.1733 50.5263C53.9513 48.7255 56.8199 48.7255 58.5979 50.5263C60.3759 52.3271 60.3759 55.2589 58.5979 57.0597C56.8199 58.8605 53.9513 58.8605 52.1733 57.0597Z\" fill=\"#F0DF00\"><\/path><path d=\"M64.2456 44.7667C62.4676 42.9659 62.4676 40.0341 64.2456 38.2333C66.0235 36.4325 68.8922 36.4325 70.6701 38.2333C72.4481 40.0341 72.4481 42.9659 70.6701 44.7667C68.8922 46.5675 66.0235 46.5675 64.2456 44.7667Z\" fill=\"#F0DF00\"><\/path><path d=\"M1.32957 1.3546C-0.448397 3.15539 -0.448397 6.08726 1.32957 7.88805C3.10753 9.68883 5.97617 9.68883 7.75414 7.88805C9.5321 6.08726 9.5321 3.15539 7.75414 1.3546C5.97617 -0.446184 3.10753 -0.446184 1.32957 1.3546Z\" fill=\"#F0DF00\"><\/path><path d=\"M13.4155 13.6472C11.6375 15.448 11.6375 18.3799 13.4155 20.1807C15.1935 21.9814 18.0621 21.9814 19.8401 20.1807C21.618 18.3799 21.618 15.448 19.8401 13.6472C18.0621 11.8464 15.1935 11.8464 13.4155 13.6472Z\" fill=\"#F0DF00\"><\/path><path d=\"M25.4878 25.9407C23.7098 27.7415 23.7098 30.6734 25.4878 32.4742C27.2657 34.2749 30.1344 34.2749 31.9123 32.4742C33.6903 30.6734 33.6903 27.7415 31.9123 25.9407C30.1344 24.1399 27.2657 24.1399 25.4878 25.9407Z\" fill=\"#F0DF00\"><\/path><path d=\"M37.5776 38.2336C35.7997 40.0344 35.7997 42.9662 37.5776 44.767C39.3556 46.5678 42.2242 46.5678 44.0022 44.767C45.7801 42.9662 45.7801 40.0344 44.0022 38.2336C42.2242 36.4328 39.3556 36.4328 37.5776 38.2336Z\" fill=\"#F0DF00\"><\/path><path d=\"M1.32957 81.6457C-0.448397 79.8449 -0.448397 76.913 1.32957 75.1122C3.10753 73.3115 5.97617 73.3115 7.75414 75.1122C9.5321 76.913 9.5321 79.8449 7.75414 81.6457C5.97617 83.4465 3.10753 83.4465 1.32957 81.6457Z\" fill=\"#F0DF00\"><\/path><path d=\"M13.4155 69.3528C11.6375 67.552 11.6375 64.6201 13.4155 62.8193C15.1935 61.0186 18.0621 61.0186 19.8401 62.8193C21.618 64.6201 21.618 67.552 19.8401 69.3528C18.0621 71.1536 15.1935 71.1536 13.4155 69.3528Z\" fill=\"#F0DF00\"><\/path><path d=\"M25.4878 57.0599C23.7098 55.2591 23.7098 52.3273 25.4878 50.5265C27.2657 48.7257 30.1344 48.7257 31.9123 50.5265C33.6903 52.3273 33.6903 55.2591 31.9123 57.0599C30.1344 58.8607 27.2657 58.8607 25.4878 57.0599Z\" fill=\"#F0DF00\"><\/path><path d=\"M37.5776 44.767C35.7997 42.9662 35.7997 40.0344 37.5776 38.2336C39.3556 36.4328 42.2242 36.4328 44.0022 38.2336C45.7801 40.0344 45.7801 42.9662 44.0022 44.767C42.2242 46.5678 39.3556 46.5678 37.5776 44.767Z\" fill=\"#F0DF00\"><\/path><\/g><defs><clipPath id=\"clip0_269_1837\"><rect width=\"72\" height=\"83\" fill=\"white\"><\/rect><\/clipPath><\/defs><\/svg>\t\t\t<\/div>\n\t\t<\/div>\n\t\t\t\t\t\t<\/div>\n\t\t\t\t<\/div>\n\t\t\t\t<div class=\"elementor-element elementor-element-5cf8c8f elementor-widget__width-initial max-char-text-42 elementor-widget elementor-widget-text-editor\" data-id=\"5cf8c8f\" data-element_type=\"widget\" data-widget_type=\"text-editor.default\">\n\t\t\t\t<div class=\"elementor-widget-container\">\n\t\t\t\t\t\t\t\t\t<p>\u00c0 l\u2019avenir, nous souhaitons proposer de nombreuses options de personnalisation pour l\u2019apparence de l\u2019appareil, permettant aux utilisateurs de se sentir \u00e0 la fois \u00e0 l\u2019aise et \u00e9l\u00e9gants lors de son utilisation. Cet engagement en mati\u00e8re de personnalisation garantit que chaque utilisateur peut adapter l\u2019appareil \u00e0 ses pr\u00e9f\u00e9rences uniques, en alignant les fonctionnalit\u00e9s sur son style personnel. <\/p>\t\t\t\t\t\t\t\t<\/div>\n\t\t\t\t<\/div>\n\t\t\t\t<\/div>\n\t\t\t\t\t<\/div>\n\t\t\t\t<\/div>\n\t\t<div class=\"elementor-element elementor-element-15903d4 e-con-full e-flex e-con e-parent\" data-id=\"15903d4\" data-element_type=\"container\">\n\t\t<div class=\"elementor-element elementor-element-8da6c8b e-con-full width-calc-container elementor-hidden-mobile e-flex e-con e-child\" data-id=\"8da6c8b\" data-element_type=\"container\" data-settings=\"{&quot;background_background&quot;:&quot;classic&quot;}\">\n\t\t\t\t<\/div>\n\t\t<div class=\"elementor-element elementor-element-f847073 e-con-full e-flex e-con e-child\" data-id=\"f847073\" data-element_type=\"container\" data-settings=\"{&quot;background_background&quot;:&quot;classic&quot;}\">\n\t\t\t\t<div class=\"elementor-element elementor-element-ea29ba0 elementor-widget elementor-widget-heading\" data-id=\"ea29ba0\" data-element_type=\"widget\" data-widget_type=\"heading.default\">\n\t\t\t\t<div class=\"elementor-widget-container\">\n\t\t\t\t\t<h3 class=\"elementor-heading-title elementor-size-default\">Notre mission<\/h3>\t\t\t\t<\/div>\n\t\t\t\t<\/div>\n\t\t\t\t<div class=\"elementor-element elementor-element-d29bd98 elementor-widget elementor-widget-text-editor\" data-id=\"d29bd98\" data-element_type=\"widget\" data-widget_type=\"text-editor.default\">\n\t\t\t\t<div class=\"elementor-widget-container\">\n\t\t\t\t\t\t\t\t\t<p>The iSee project represents a mission for inclusivity and social progress, helping to create a world where technology opens up new possibilities for everyone.<\/p>\t\t\t\t\t\t\t\t<\/div>\n\t\t\t\t<\/div>\n\t\t\t\t<\/div>\n\t\t<div class=\"elementor-element elementor-element-3d45083 width-calc-container elementor-hidden-mobile e-flex e-con-boxed e-con e-child\" data-id=\"3d45083\" data-element_type=\"container\">\n\t\t\t\t\t<div class=\"e-con-inner\">\n\t\t\t\t\t<\/div>\n\t\t\t\t<\/div>\n\t\t\t\t<\/div>\n\t\t\t\t<\/div>\n\t\t","protected":false},"excerpt":{"rendered":"<p>Retour \u00e0 l&rsquo;accueil Le projet iSee est une initiative sociale d\u00e9di\u00e9e au d\u00e9veloppement de solutions innovantes pour les besoins quotidiens des personnes aveugles. Engag\u00e9 \u00e0 am\u00e9liorer la qualit\u00e9 de vie et \u00e0 promouvoir une plus grande autonomie, iSee est enti\u00e8rement d\u00e9velopp\u00e9 et g\u00e9r\u00e9 en interne par iVision Tech, avec la participation directe des utilisateurs aveugles, [&hellip;]<\/p>\n","protected":false},"author":1,"featured_media":5949,"parent":0,"menu_order":0,"comment_status":"closed","ping_status":"closed","template":"","meta":{"footnotes":""},"class_list":["post-6456","page","type-page","status-publish","has-post-thumbnail","hentry"],"_links":{"self":[{"href":"https:\/\/isee-one.com\/fr\/wp-json\/wp\/v2\/pages\/6456","targetHints":{"allow":["GET"]}}],"collection":[{"href":"https:\/\/isee-one.com\/fr\/wp-json\/wp\/v2\/pages"}],"about":[{"href":"https:\/\/isee-one.com\/fr\/wp-json\/wp\/v2\/types\/page"}],"author":[{"embeddable":true,"href":"https:\/\/isee-one.com\/fr\/wp-json\/wp\/v2\/users\/1"}],"replies":[{"embeddable":true,"href":"https:\/\/isee-one.com\/fr\/wp-json\/wp\/v2\/comments?post=6456"}],"version-history":[{"count":2,"href":"https:\/\/isee-one.com\/fr\/wp-json\/wp\/v2\/pages\/6456\/revisions"}],"predecessor-version":[{"id":8106,"href":"https:\/\/isee-one.com\/fr\/wp-json\/wp\/v2\/pages\/6456\/revisions\/8106"}],"wp:featuredmedia":[{"embeddable":true,"href":"https:\/\/isee-one.com\/fr\/wp-json\/wp\/v2\/media\/5949"}],"wp:attachment":[{"href":"https:\/\/isee-one.com\/fr\/wp-json\/wp\/v2\/media?parent=6456"}],"curies":[{"name":"wp","href":"https:\/\/api.w.org\/{rel}","templated":true}]}}