{"id":5599,"date":"2024-11-20T20:44:45","date_gmt":"2024-11-20T20:44:45","guid":{"rendered":"https:\/\/isee-one.com\/der-kontext\/"},"modified":"2026-01-02T23:25:07","modified_gmt":"2026-01-02T23:25:07","slug":"der-kontext","status":"publish","type":"page","link":"https:\/\/isee-one.com\/de\/der-kontext\/","title":{"rendered":"Der Kontext"},"content":{"rendered":"\t\t<div data-elementor-type=\"wp-page\" data-elementor-id=\"5599\" class=\"elementor elementor-5599 elementor-2009\" data-elementor-post-type=\"page\">\n\t\t\t\t<div class=\"elementor-element elementor-element-5f8e511b e-flex e-con-boxed e-con e-parent\" data-id=\"5f8e511b\" data-element_type=\"container\">\n\t\t\t\t\t<div class=\"e-con-inner\">\n\t\t\t\t<div class=\"elementor-element elementor-element-3896377a elementor-widget elementor-widget-button\" data-id=\"3896377a\" data-element_type=\"widget\" data-widget_type=\"button.default\">\n\t\t\t\t<div class=\"elementor-widget-container\">\n\t\t\t\t\t\t\t\t\t<div class=\"elementor-button-wrapper\">\n\t\t\t\t\t<a class=\"elementor-button elementor-button-link elementor-size-sm\" href=\"https:\/\/isee-one.com\/de\/\" aria-label=\"Back to home\">\n\t\t\t\t\t\t<span class=\"elementor-button-content-wrapper\">\n\t\t\t\t\t\t<span class=\"elementor-button-icon\">\n\t\t\t\t<svg aria-hidden=\"true\" class=\"e-font-icon-svg e-fas-chevron-left\" viewBox=\"0 0 320 512\" xmlns=\"http:\/\/www.w3.org\/2000\/svg\"><path d=\"M34.52 239.03L228.87 44.69c9.37-9.37 24.57-9.37 33.94 0l22.67 22.67c9.36 9.36 9.37 24.52.04 33.9L131.49 256l154.02 154.75c9.34 9.38 9.32 24.54-.04 33.9l-22.67 22.67c-9.37 9.37-24.57 9.37-33.94 0L34.52 272.97c-9.37-9.37-9.37-24.57 0-33.94z\"><\/path><\/svg>\t\t\t<\/span>\n\t\t\t\t\t\t\t\t\t<span class=\"elementor-button-text\">Zur\u00fcck zur Startseite<\/span>\n\t\t\t\t\t<\/span>\n\t\t\t\t\t<\/a>\n\t\t\t\t<\/div>\n\t\t\t\t\t\t\t\t<\/div>\n\t\t\t\t<\/div>\n\t\t\t\t\t<\/div>\n\t\t\t\t<\/div>\n\t\t<div class=\"elementor-element elementor-element-4b9b4d1 e-flex e-con-boxed e-con e-parent\" data-id=\"4b9b4d1\" data-element_type=\"container\">\n\t\t\t\t\t<div class=\"e-con-inner\">\n\t\t\t\t<div class=\"elementor-element elementor-element-09b1b21 elementor-widget elementor-widget-heading\" data-id=\"09b1b21\" data-element_type=\"widget\" data-widget_type=\"heading.default\">\n\t\t\t\t<div class=\"elementor-widget-container\">\n\t\t\t\t\t<h2 class=\"elementor-heading-title elementor-size-default\">DER KONTEXT<\/h2>\t\t\t\t<\/div>\n\t\t\t\t<\/div>\n\t\t\t\t<div class=\"elementor-element elementor-element-54231d9 elementor-widget elementor-widget-text-editor\" data-id=\"54231d9\" data-element_type=\"widget\" data-widget_type=\"text-editor.default\">\n\t\t\t\t<div class=\"elementor-widget-container\">\n\t\t\t\t\t\t\t\t\t<p>Blinde Menschen auf der ganzen Welt stehen vor erheblichen Herausforderungen, insbesondere im Bereich der Mobilit\u00e4t und des Umweltbewusstseins. Traditionelle Hilfsmittel wie Blindenf\u00fchrhunde, wei\u00dfe St\u00f6cke und Brailleschrift bleiben zwar grundlegend f\u00fcr Sicherheit und Autonomie, sto\u00dfen jedoch in dynamischen und komplexen Au\u00dfenumgebungen an ihre Grenzen. Trotz Fortschritten in der assistiven Technologie konzentrieren sich bestehende L\u00f6sungen haupts\u00e4chlich auf den Innenbereich, wodurch die Mobilit\u00e4t im Freien weitgehend unzureichend abgedeckt ist. Dies hat eine sogenannte \u201eMobilit\u00e4tsl\u00fccke\u201c geschaffen, die die Unabh\u00e4ngigkeit blinder Menschen einschr\u00e4nkt und das Risiko sowie das Unbehagen bei der t\u00e4glichen Fortbewegung im Freien erh\u00f6ht. Forschungen und Nutzerbefragungen zeigen ein starkes Bed\u00fcrfnis nach tragbaren Hilfsmitteln, die freih\u00e4ndiges Bedienen erm\u00f6glichen und Hindernisse vor der Ber\u00fchrung erkennen und kommunizieren k\u00f6nnen. Die Nachfrage nach fortschrittlicher, nutzerzentrierter assistiver Technologie, die eine sicherere und unabh\u00e4ngigere Navigation erm\u00f6glicht, ist eindeutig und w\u00e4chst stetig.     <\/p>\t\t\t\t\t\t\t\t<\/div>\n\t\t\t\t<\/div>\n\t\t\t\t\t<\/div>\n\t\t\t\t<\/div>\n\t\t<div class=\"elementor-element elementor-element-2d625a8 e-flex e-con-boxed e-con e-parent\" data-id=\"2d625a8\" data-element_type=\"container\">\n\t\t\t\t\t<div class=\"e-con-inner\">\n\t\t\t\t<div class=\"elementor-element elementor-element-a39222c elementor-hidden-mobile elementor-widget elementor-widget-image\" data-id=\"a39222c\" data-element_type=\"widget\" data-widget_type=\"image.default\">\n\t\t\t\t<div class=\"elementor-widget-container\">\n\t\t\t\t\t\t\t\t\t\t\t\t\t\t\t<img fetchpriority=\"high\" decoding=\"async\" width=\"2314\" height=\"1284\" src=\"https:\/\/isee-one.com\/wp-content\/uploads\/2025\/05\/mil-de.png\" class=\"attachment-full size-full wp-image-5822\" alt=\"statistics desktop\" srcset=\"https:\/\/isee-one.com\/wp-content\/uploads\/2025\/05\/mil-de.png 2314w, https:\/\/isee-one.com\/wp-content\/uploads\/2025\/05\/mil-de-300x166.png 300w, https:\/\/isee-one.com\/wp-content\/uploads\/2025\/05\/mil-de-1024x568.png 1024w, https:\/\/isee-one.com\/wp-content\/uploads\/2025\/05\/mil-de-768x426.png 768w, https:\/\/isee-one.com\/wp-content\/uploads\/2025\/05\/mil-de-1536x852.png 1536w, https:\/\/isee-one.com\/wp-content\/uploads\/2025\/05\/mil-de-2048x1136.png 2048w, https:\/\/isee-one.com\/wp-content\/uploads\/2025\/05\/mil-de-600x333.png 600w\" sizes=\"(max-width: 2314px) 100vw, 2314px\" \/>\t\t\t\t\t\t\t\t\t\t\t\t\t\t\t<\/div>\n\t\t\t\t<\/div>\n\t\t\t\t<div class=\"elementor-element elementor-element-4116838 elementor-hidden-desktop elementor-hidden-tablet elementor-widget elementor-widget-image\" data-id=\"4116838\" data-element_type=\"widget\" data-widget_type=\"image.default\">\n\t\t\t\t<div class=\"elementor-widget-container\">\n\t\t\t\t\t\t\t\t\t\t\t\t\t\t\t<img decoding=\"async\" width=\"685\" height=\"1066\" src=\"https:\/\/isee-one.com\/wp-content\/uploads\/2025\/05\/de.png\" class=\"attachment-full size-full wp-image-5820\" alt=\"statitics mobile\" srcset=\"https:\/\/isee-one.com\/wp-content\/uploads\/2025\/05\/de.png 685w, https:\/\/isee-one.com\/wp-content\/uploads\/2025\/05\/de-193x300.png 193w, https:\/\/isee-one.com\/wp-content\/uploads\/2025\/05\/de-658x1024.png 658w, https:\/\/isee-one.com\/wp-content\/uploads\/2025\/05\/de-600x934.png 600w\" sizes=\"(max-width: 685px) 100vw, 685px\" \/>\t\t\t\t\t\t\t\t\t\t\t\t\t\t\t<\/div>\n\t\t\t\t<\/div>\n\t\t\t\t\t<\/div>\n\t\t\t\t<\/div>\n\t\t<div class=\"elementor-element elementor-element-5ebe0d39 e-con-full e-flex e-con e-parent\" data-id=\"5ebe0d39\" data-element_type=\"container\">\n\t\t<div class=\"elementor-element elementor-element-22ef6da1 e-flex e-con-boxed e-con e-child\" data-id=\"22ef6da1\" data-element_type=\"container\" data-settings=\"{&quot;background_background&quot;:&quot;classic&quot;}\">\n\t\t\t\t\t<div class=\"e-con-inner\">\n\t\t<div class=\"elementor-element elementor-element-b259b9a e-con-full e-flex e-con e-child\" data-id=\"b259b9a\" data-element_type=\"container\">\n\t\t\t\t<div class=\"elementor-element elementor-element-fe7118f elementor-widget elementor-widget-heading\" data-id=\"fe7118f\" data-element_type=\"widget\" data-widget_type=\"heading.default\">\n\t\t\t\t<div class=\"elementor-widget-container\">\n\t\t\t\t\t<h2 class=\"elementor-heading-title elementor-size-default\">GEOGRAFISCHE<br>VERBREITUNG<\/h2>\t\t\t\t<\/div>\n\t\t\t\t<\/div>\n\t\t\t\t<div class=\"elementor-element elementor-element-17e0ac4 elementor-widget elementor-widget-text-editor\" data-id=\"17e0ac4\" data-element_type=\"widget\" data-widget_type=\"text-editor.default\">\n\t\t\t\t<div class=\"elementor-widget-container\">\n\t\t\t\t\t\t\t\t\t<p>Die <strong>Mehrheit der blinden Menschen lebt in L\u00e4ndern wie China und Indien<\/strong> \u2013 \u00fcberraschenderweise leben <strong>90\u202f% von ihnen in L\u00e4ndern mit niedrigem oder mittlerem Einkommen.<\/strong><br>Diese Zahlen verdeutlichen die Dringlichkeit, die Herausforderungen im Zusammenhang mit Blindheit anzugehen, und unterstreichen die Bedeutung der Entwicklung technologischer L\u00f6sungen, die die Lebensqualit\u00e4t dieser Menschen verbessern k\u00f6nnen.<\/p>\t\t\t\t\t\t\t\t<\/div>\n\t\t\t\t<\/div>\n\t\t\t\t<\/div>\n\t\t<div class=\"elementor-element elementor-element-32b5596 e-con-full e-flex e-con e-child\" data-id=\"32b5596\" data-element_type=\"container\">\n\t\t\t\t<div class=\"elementor-element elementor-element-f87b60d elementor-widget elementor-widget-image\" data-id=\"f87b60d\" data-element_type=\"widget\" data-widget_type=\"image.default\">\n\t\t\t\t<div class=\"elementor-widget-container\">\n\t\t\t\t\t\t\t\t\t\t\t\t\t\t\t<img decoding=\"async\" width=\"914\" height=\"814\" src=\"https:\/\/isee-one.com\/wp-content\/uploads\/2024\/11\/map-with-india-and-china.webp\" class=\"attachment-full size-full wp-image-5824\" alt=\"map with india and china\" srcset=\"https:\/\/isee-one.com\/wp-content\/uploads\/2024\/11\/map-with-india-and-china.webp 914w, https:\/\/isee-one.com\/wp-content\/uploads\/2024\/11\/map-with-india-and-china-600x534.webp 600w, https:\/\/isee-one.com\/wp-content\/uploads\/2024\/11\/map-with-india-and-china-300x267.webp 300w, https:\/\/isee-one.com\/wp-content\/uploads\/2024\/11\/map-with-india-and-china-768x684.webp 768w\" sizes=\"(max-width: 914px) 100vw, 914px\" \/>\t\t\t\t\t\t\t\t\t\t\t\t\t\t\t<\/div>\n\t\t\t\t<\/div>\n\t\t\t\t<\/div>\n\t\t\t\t\t<\/div>\n\t\t\t\t<\/div>\n\t\t\t\t<\/div>\n\t\t<div class=\"elementor-element elementor-element-11b6233 e-flex e-con-boxed e-con e-parent\" data-id=\"11b6233\" data-element_type=\"container\">\n\t\t\t\t\t<div class=\"e-con-inner\">\n\t\t\t\t<div class=\"elementor-element elementor-element-148b06c elementor-widget elementor-widget-heading\" data-id=\"148b06c\" data-element_type=\"widget\" data-widget_type=\"heading.default\">\n\t\t\t\t<div class=\"elementor-widget-container\">\n\t\t\t\t\t<h2 class=\"elementor-heading-title elementor-size-default\">Zuk\u00fcnftige Prognosen<\/h2>\t\t\t\t<\/div>\n\t\t\t\t<\/div>\n\t\t\t\t<div class=\"elementor-element elementor-element-cc4f04e elementor-widget elementor-widget-text-editor\" data-id=\"cc4f04e\" data-element_type=\"widget\" data-widget_type=\"text-editor.default\">\n\t\t\t\t<div class=\"elementor-widget-container\">\n\t\t\t\t\t\t\t\t\t<p>Bis 2050 wird ein signifikanter Anstieg der weltweiten Anzahl blinder Menschen erwartet. \u00dcberraschenderweise k\u00f6nnten 90 % der F\u00e4lle von Blindheit verhindert werden \u2013 ein Umstand, der den Weg f\u00fcr sinnvolle Initiativen ebnet. <\/p>\t\t\t\t\t\t\t\t<\/div>\n\t\t\t\t<\/div>\n\t\t<div class=\"elementor-element elementor-element-7467ac7 e-con-full e-flex e-con e-child\" data-id=\"7467ac7\" data-element_type=\"container\">\n\t\t\t\t<div class=\"elementor-element elementor-element-931ed56 no-p-margin elementor-widget elementor-widget-text-editor\" data-id=\"931ed56\" data-element_type=\"widget\" data-widget_type=\"text-editor.default\">\n\t\t\t\t<div class=\"elementor-widget-container\">\n\t\t\t\t\t\t\t\t\t<p>ab 43 Millionen<\/p>\t\t\t\t\t\t\t\t<\/div>\n\t\t\t\t<\/div>\n\t\t\t\t<div class=\"elementor-element elementor-element-0895f76 elementor-view-default elementor-widget elementor-widget-icon\" data-id=\"0895f76\" data-element_type=\"widget\" data-widget_type=\"icon.default\">\n\t\t\t\t<div class=\"elementor-widget-container\">\n\t\t\t\t\t\t\t<div class=\"elementor-icon-wrapper\">\n\t\t\t<div class=\"elementor-icon\">\n\t\t\t<svg xmlns=\"http:\/\/www.w3.org\/2000\/svg\" width=\"72\" height=\"83\" viewBox=\"0 0 72 83\" fill=\"none\"><g clip-path=\"url(#clip0_269_1837)\"><path d=\"M27.9995 1.3545C26.2215 3.15529 26.2215 6.08715 27.9995 7.88794C29.7774 9.68873 32.6461 9.68873 34.4241 7.88794C36.202 6.08715 36.202 3.15529 34.4241 1.3545C32.6461 -0.446291 29.7774 -0.446291 27.9995 1.3545Z\" fill=\"#F0DF00\"><\/path><path d=\"M40.0854 13.6472C38.3075 15.448 38.3075 18.3799 40.0854 20.1807C41.8634 21.9814 44.732 21.9814 46.51 20.1807C48.288 18.3799 48.288 15.448 46.51 13.6472C44.732 11.8464 41.8634 11.8464 40.0854 13.6472Z\" fill=\"#F0DF00\"><\/path><path d=\"M52.1733 25.9403C50.3954 27.7411 50.3954 30.6729 52.1733 32.4737C53.9513 34.2745 56.8199 34.2745 58.5979 32.4737C60.3759 30.6729 60.3759 27.7411 58.5979 25.9403C56.8199 24.1395 53.9513 24.1395 52.1733 25.9403Z\" fill=\"#F0DF00\"><\/path><path d=\"M64.2456 38.2333C62.4676 40.0341 62.4676 42.9659 64.2456 44.7667C66.0235 46.5675 68.8922 46.5675 70.6701 44.7667C72.4481 42.9659 72.4481 40.0341 70.6701 38.2333C68.8922 36.4325 66.0235 36.4325 64.2456 38.2333Z\" fill=\"#F0DF00\"><\/path><path d=\"M27.9995 81.6458C26.2215 79.845 26.2215 76.9131 27.9995 75.1123C29.7774 73.3115 32.6461 73.3115 34.4241 75.1123C36.202 76.9131 36.202 79.845 34.4241 81.6458C32.6461 83.4465 29.7774 83.4465 27.9995 81.6458Z\" fill=\"#F0DF00\"><\/path><path d=\"M40.0854 69.3528C38.3075 67.552 38.3075 64.6201 40.0854 62.8193C41.8634 61.0186 44.732 61.0186 46.51 62.8193C48.288 64.6201 48.288 67.552 46.51 69.3528C44.732 71.1536 41.8634 71.1536 40.0854 69.3528Z\" fill=\"#F0DF00\"><\/path><path d=\"M52.1733 57.0597C50.3954 55.2589 50.3954 52.3271 52.1733 50.5263C53.9513 48.7255 56.8199 48.7255 58.5979 50.5263C60.3759 52.3271 60.3759 55.2589 58.5979 57.0597C56.8199 58.8605 53.9513 58.8605 52.1733 57.0597Z\" fill=\"#F0DF00\"><\/path><path d=\"M64.2456 44.7667C62.4676 42.9659 62.4676 40.0341 64.2456 38.2333C66.0235 36.4325 68.8922 36.4325 70.6701 38.2333C72.4481 40.0341 72.4481 42.9659 70.6701 44.7667C68.8922 46.5675 66.0235 46.5675 64.2456 44.7667Z\" fill=\"#F0DF00\"><\/path><path d=\"M1.32957 1.3546C-0.448397 3.15539 -0.448397 6.08726 1.32957 7.88805C3.10753 9.68883 5.97617 9.68883 7.75414 7.88805C9.5321 6.08726 9.5321 3.15539 7.75414 1.3546C5.97617 -0.446184 3.10753 -0.446184 1.32957 1.3546Z\" fill=\"#F0DF00\"><\/path><path d=\"M13.4155 13.6472C11.6375 15.448 11.6375 18.3799 13.4155 20.1807C15.1935 21.9814 18.0621 21.9814 19.8401 20.1807C21.618 18.3799 21.618 15.448 19.8401 13.6472C18.0621 11.8464 15.1935 11.8464 13.4155 13.6472Z\" fill=\"#F0DF00\"><\/path><path d=\"M25.4878 25.9407C23.7098 27.7415 23.7098 30.6734 25.4878 32.4742C27.2657 34.2749 30.1344 34.2749 31.9123 32.4742C33.6903 30.6734 33.6903 27.7415 31.9123 25.9407C30.1344 24.1399 27.2657 24.1399 25.4878 25.9407Z\" fill=\"#F0DF00\"><\/path><path d=\"M37.5776 38.2336C35.7997 40.0344 35.7997 42.9662 37.5776 44.767C39.3556 46.5678 42.2242 46.5678 44.0022 44.767C45.7801 42.9662 45.7801 40.0344 44.0022 38.2336C42.2242 36.4328 39.3556 36.4328 37.5776 38.2336Z\" fill=\"#F0DF00\"><\/path><path d=\"M1.32957 81.6457C-0.448397 79.8449 -0.448397 76.913 1.32957 75.1122C3.10753 73.3115 5.97617 73.3115 7.75414 75.1122C9.5321 76.913 9.5321 79.8449 7.75414 81.6457C5.97617 83.4465 3.10753 83.4465 1.32957 81.6457Z\" fill=\"#F0DF00\"><\/path><path d=\"M13.4155 69.3528C11.6375 67.552 11.6375 64.6201 13.4155 62.8193C15.1935 61.0186 18.0621 61.0186 19.8401 62.8193C21.618 64.6201 21.618 67.552 19.8401 69.3528C18.0621 71.1536 15.1935 71.1536 13.4155 69.3528Z\" fill=\"#F0DF00\"><\/path><path d=\"M25.4878 57.0599C23.7098 55.2591 23.7098 52.3273 25.4878 50.5265C27.2657 48.7257 30.1344 48.7257 31.9123 50.5265C33.6903 52.3273 33.6903 55.2591 31.9123 57.0599C30.1344 58.8607 27.2657 58.8607 25.4878 57.0599Z\" fill=\"#F0DF00\"><\/path><path d=\"M37.5776 44.767C35.7997 42.9662 35.7997 40.0344 37.5776 38.2336C39.3556 36.4328 42.2242 36.4328 44.0022 38.2336C45.7801 40.0344 45.7801 42.9662 44.0022 44.767C42.2242 46.5678 39.3556 46.5678 37.5776 44.767Z\" fill=\"#F0DF00\"><\/path><\/g><defs><clipPath id=\"clip0_269_1837\"><rect width=\"72\" height=\"83\" fill=\"white\"><\/rect><\/clipPath><\/defs><\/svg>\t\t\t<\/div>\n\t\t<\/div>\n\t\t\t\t\t\t<\/div>\n\t\t\t\t<\/div>\n\t\t\t\t<div class=\"elementor-element elementor-element-a0ec976 no-p-margin elementor-widget elementor-widget-text-editor\" data-id=\"a0ec976\" data-element_type=\"widget\" data-widget_type=\"text-editor.default\">\n\t\t\t\t<div class=\"elementor-widget-container\">\n\t\t\t\t\t\t\t\t\t<p>bis 61 Millionen<\/p>\t\t\t\t\t\t\t\t<\/div>\n\t\t\t\t<\/div>\n\t\t\t\t<\/div>\n\t\t\t\t<div class=\"elementor-element elementor-element-8f2d3a5 elementor-widget elementor-widget-text-editor\" data-id=\"8f2d3a5\" data-element_type=\"widget\" data-widget_type=\"text-editor.default\">\n\t\t\t\t<div class=\"elementor-widget-container\">\n\t\t\t\t\t\t\t\t\t<p>iSee One wurde entwickelt, um die Mobilit\u00e4t blinder Menschen zu verbessern, indem es durch fortschrittliche Sensortechnologie und intuitive R\u00fcckmeldungen eine Echtzeit-Umgebungswahrnehmung bietet und so die L\u00fccke zwischen traditionellen Mobilit\u00e4tshilfen und modernen assistiven L\u00f6sungen schlie\u00dft.<\/p>\t\t\t\t\t\t\t\t<\/div>\n\t\t\t\t<\/div>\n\t\t\t\t\t<\/div>\n\t\t\t\t<\/div>\n\t\t<div class=\"elementor-element elementor-element-41ea40b e-con-full e-flex e-con e-parent\" data-id=\"41ea40b\" data-element_type=\"container\">\n\t\t<div class=\"elementor-element elementor-element-a6082f3 e-con-full width-calc-container elementor-hidden-mobile e-flex e-con e-child\" data-id=\"a6082f3\" data-element_type=\"container\">\n\t\t\t\t<\/div>\n\t\t<div class=\"elementor-element elementor-element-7edef33 e-con-full e-flex e-con e-child\" data-id=\"7edef33\" data-element_type=\"container\">\n\t\t\t\t<div class=\"elementor-element elementor-element-473ef71 elementor-widget elementor-widget-image\" data-id=\"473ef71\" data-element_type=\"widget\" data-widget_type=\"image.default\">\n\t\t\t\t<div class=\"elementor-widget-container\">\n\t\t\t\t\t\t\t\t\t\t\t\t\t\t\t<img loading=\"lazy\" decoding=\"async\" width=\"109\" height=\"262\" src=\"https:\/\/isee-one.com\/wp-content\/uploads\/2024\/11\/woman-silluete.svg\" class=\"attachment-large size-large wp-image-5826\" alt=\"woman silluete\" \/>\t\t\t\t\t\t\t\t\t\t\t\t\t\t\t<\/div>\n\t\t\t\t<\/div>\n\t\t\t\t<div class=\"elementor-element elementor-element-28862e9 elementor-widget elementor-widget-image\" data-id=\"28862e9\" data-element_type=\"widget\" data-widget_type=\"image.default\">\n\t\t\t\t<div class=\"elementor-widget-container\">\n\t\t\t\t\t\t\t\t\t\t\t\t\t\t\t<img loading=\"lazy\" decoding=\"async\" width=\"108\" height=\"262\" src=\"https:\/\/isee-one.com\/wp-content\/uploads\/2024\/11\/man-silluete.svg\" class=\"attachment-large size-large wp-image-5828\" alt=\"man silluete\" \/>\t\t\t\t\t\t\t\t\t\t\t\t\t\t\t<\/div>\n\t\t\t\t<\/div>\n\t\t\t\t<\/div>\n\t\t<div class=\"elementor-element elementor-element-b6993cd e-con-full max-width-half-full-container-1000 e-flex e-con e-child\" data-id=\"b6993cd\" data-element_type=\"container\" data-settings=\"{&quot;background_background&quot;:&quot;classic&quot;}\">\n\t\t\t\t<div class=\"elementor-element elementor-element-1a0b773 elementor-widget elementor-widget-text-editor\" data-id=\"1a0b773\" data-element_type=\"widget\" data-widget_type=\"text-editor.default\">\n\t\t\t\t<div class=\"elementor-widget-container\">\n\t\t\t\t\t\t\t\t\t<p><strong>Die Verbreitung von Blindheit <\/strong>bleibt relativ stabil, wobei eine leichte <strong>Mehrheit weiblicher Nutzer<\/strong> im Vergleich zu m\u00e4nnlichen Nutzern besteht.<\/p>\t\t\t\t\t\t\t\t<\/div>\n\t\t\t\t<\/div>\n\t\t\t\t<\/div>\n\t\t\t\t<\/div>\n\t\t\t\t<\/div>\n\t\t","protected":false},"excerpt":{"rendered":"<p>Zur\u00fcck zur Startseite DER KONTEXT Blinde Menschen auf der ganzen Welt stehen vor erheblichen Herausforderungen, insbesondere im Bereich der Mobilit\u00e4t und des Umweltbewusstseins. Traditionelle Hilfsmittel wie Blindenf\u00fchrhunde, wei\u00dfe St\u00f6cke und Brailleschrift bleiben zwar grundlegend f\u00fcr Sicherheit und Autonomie, sto\u00dfen jedoch in dynamischen und komplexen Au\u00dfenumgebungen an ihre Grenzen. Trotz Fortschritten in der assistiven Technologie konzentrieren [&hellip;]<\/p>\n","protected":false},"author":1,"featured_media":5724,"parent":0,"menu_order":0,"comment_status":"closed","ping_status":"closed","template":"","meta":{"footnotes":""},"class_list":["post-5599","page","type-page","status-publish","has-post-thumbnail","hentry"],"_links":{"self":[{"href":"https:\/\/isee-one.com\/de\/wp-json\/wp\/v2\/pages\/5599","targetHints":{"allow":["GET"]}}],"collection":[{"href":"https:\/\/isee-one.com\/de\/wp-json\/wp\/v2\/pages"}],"about":[{"href":"https:\/\/isee-one.com\/de\/wp-json\/wp\/v2\/types\/page"}],"author":[{"embeddable":true,"href":"https:\/\/isee-one.com\/de\/wp-json\/wp\/v2\/users\/1"}],"replies":[{"embeddable":true,"href":"https:\/\/isee-one.com\/de\/wp-json\/wp\/v2\/comments?post=5599"}],"version-history":[{"count":2,"href":"https:\/\/isee-one.com\/de\/wp-json\/wp\/v2\/pages\/5599\/revisions"}],"predecessor-version":[{"id":8054,"href":"https:\/\/isee-one.com\/de\/wp-json\/wp\/v2\/pages\/5599\/revisions\/8054"}],"wp:featuredmedia":[{"embeddable":true,"href":"https:\/\/isee-one.com\/de\/wp-json\/wp\/v2\/media\/5724"}],"wp:attachment":[{"href":"https:\/\/isee-one.com\/de\/wp-json\/wp\/v2\/media?parent=5599"}],"curies":[{"name":"wp","href":"https:\/\/api.w.org\/{rel}","templated":true}]}}