{"id":5586,"date":"2024-11-18T20:42:20","date_gmt":"2024-11-18T20:42:20","guid":{"rendered":"https:\/\/isee-one.com\/innovation-durch-partnerschaft\/"},"modified":"2026-01-02T23:25:34","modified_gmt":"2026-01-02T23:25:34","slug":"innovation-durch-partnerschaft","status":"publish","type":"page","link":"https:\/\/isee-one.com\/de\/innovation-durch-partnerschaft\/","title":{"rendered":"Innovation durch Partnerschaft"},"content":{"rendered":"\t\t<div data-elementor-type=\"wp-page\" data-elementor-id=\"5586\" class=\"elementor elementor-5586 elementor-1710\" data-elementor-post-type=\"page\">\n\t\t\t\t<div class=\"elementor-element elementor-element-956e32b e-flex e-con-boxed e-con e-parent\" data-id=\"956e32b\" data-element_type=\"container\">\n\t\t\t\t\t<div class=\"e-con-inner\">\n\t\t<div class=\"elementor-element elementor-element-afd7a68 e-con-full e-flex e-con e-child\" data-id=\"afd7a68\" data-element_type=\"container\">\n\t\t\t\t<div class=\"elementor-element elementor-element-2fae7058 elementor-widget elementor-widget-button\" data-id=\"2fae7058\" data-element_type=\"widget\" data-widget_type=\"button.default\">\n\t\t\t\t<div class=\"elementor-widget-container\">\n\t\t\t\t\t\t\t\t\t<div class=\"elementor-button-wrapper\">\n\t\t\t\t\t<a class=\"elementor-button elementor-button-link elementor-size-sm\" href=\"https:\/\/isee-one.com\/de\/\" aria-label=\"Back to home\">\n\t\t\t\t\t\t<span class=\"elementor-button-content-wrapper\">\n\t\t\t\t\t\t<span class=\"elementor-button-icon\">\n\t\t\t\t<svg aria-hidden=\"true\" class=\"e-font-icon-svg e-fas-chevron-left\" viewBox=\"0 0 320 512\" xmlns=\"http:\/\/www.w3.org\/2000\/svg\"><path d=\"M34.52 239.03L228.87 44.69c9.37-9.37 24.57-9.37 33.94 0l22.67 22.67c9.36 9.36 9.37 24.52.04 33.9L131.49 256l154.02 154.75c9.34 9.38 9.32 24.54-.04 33.9l-22.67 22.67c-9.37 9.37-24.57 9.37-33.94 0L34.52 272.97c-9.37-9.37-9.37-24.57 0-33.94z\"><\/path><\/svg>\t\t\t<\/span>\n\t\t\t\t\t\t\t\t\t<span class=\"elementor-button-text\">Zur\u00fcck zur Startseite<\/span>\n\t\t\t\t\t<\/span>\n\t\t\t\t\t<\/a>\n\t\t\t\t<\/div>\n\t\t\t\t\t\t\t\t<\/div>\n\t\t\t\t<\/div>\n\t\t\t\t<div class=\"elementor-element elementor-element-fdc9ab1 elementor-widget elementor-widget-heading\" data-id=\"fdc9ab1\" data-element_type=\"widget\" data-widget_type=\"heading.default\">\n\t\t\t\t<div class=\"elementor-widget-container\">\n\t\t\t\t\t<h2 class=\"elementor-heading-title elementor-size-default\">Innovation durch Partnerschaft<\/h2>\t\t\t\t<\/div>\n\t\t\t\t<\/div>\n\t\t\t\t<div class=\"elementor-element elementor-element-270d299 elementor-widget elementor-widget-text-editor\" data-id=\"270d299\" data-element_type=\"widget\" data-widget_type=\"text-editor.default\">\n\t\t\t\t<div class=\"elementor-widget-container\">\n\t\t\t\t\t\t\t\t\t<p>Bei iSee sind wir \u00fcberzeugt, dass wahre Innovation aus Zusammenarbeit entsteht. Die Entwicklung von iSee One wurde durch das Fachwissen und die Hingabe unserer gesch\u00e4tzten Partner erm\u00f6glicht, wobei Unternehmen wichtige Komponenten bereitstellen und spezialisierte Fachleute ihr Wissen einbringen. Diese Experten verf\u00fcgen \u00fcber Fachkenntnisse in Bereichen wie Telekommunikation, Satellitentechnologie, Umweltkartierung und Geolokalisierung. Dadurch profitiert iSee One von den neuesten Fortschritten in der Technologie intelligenter Brillen und etabliert sich als hochmodernes Produkt im Assistenztechnologie-Markt.<\/p><p>Neben unseren Entwicklungspartnern legen <strong>wir gro\u00dfen Wert auf das Feedback und die Erkenntnisse unserer Nutzer.<\/strong> Wir laden iSee One Nutzer ein, mit uns in Kontakt zu treten und ihre Erfahrungen sowie Verbesserungsvorschl\u00e4ge zu teilen.<br>Dieses Feedback ist f\u00fcr uns von unsch\u00e4tzbarem Wert, da wir bestrebt sind, die Funktionen des Ger\u00e4ts zu verbessern und Features hinzuzuf\u00fcgen, die den Alltag unserer Nutzer besser unterst\u00fctzen. Ob neue Funktionen, zus\u00e4tzliche Komfortoptionen oder verbesserte Benutzerfreundlichkeit \u2013 unser Ziel ist es, iSee One zu einem sich st\u00e4ndig weiterentwickelnden Werkzeug zu machen, das sich an die Bed\u00fcrfnisse derjenigen anpasst und erf\u00fcllt, die am meisten darauf angewiesen sind.<\/p><p>Durch diesen kooperativen Ansatz wollen wir iSee One kontinuierlich weiterentwickeln und sicherstellen, dass es nicht nur eine technologische Innovation bleibt, <strong>sondern auch eine wirklich nutzerzentrierte L\u00f6sung darstellt, die das Leben blinder Menschen sp\u00fcrbar verbessert.<\/strong> iSee ist mehr als ein Produkt; <strong>es ist eine Mission f\u00fcr Inklusion, angetrieben von dem Ziel, Technologie zu einem empowernden Werkzeug f\u00fcr alle zu machen.<\/strong><\/p>\t\t\t\t\t\t\t\t<\/div>\n\t\t\t\t<\/div>\n\t\t\t\t<\/div>\n\t\t<div class=\"elementor-element elementor-element-60d2fab e-con-full e-flex e-con e-child\" data-id=\"60d2fab\" data-element_type=\"container\">\n\t\t\t\t<div class=\"elementor-element elementor-element-ee64284 elementor-widget elementor-widget-image\" data-id=\"ee64284\" data-element_type=\"widget\" data-widget_type=\"image.default\">\n\t\t\t\t<div class=\"elementor-widget-container\">\n\t\t\t\t\t\t\t\t\t\t\t\t\t\t\t<img fetchpriority=\"high\" decoding=\"async\" width=\"882\" height=\"1342\" src=\"https:\/\/isee-one.com\/wp-content\/uploads\/2024\/11\/seo-tree.svg\" class=\"attachment-full size-full wp-image-5925\" alt=\"seo tree\" \/>\t\t\t\t\t\t\t\t\t\t\t\t\t\t\t<\/div>\n\t\t\t\t<\/div>\n\t\t\t\t<\/div>\n\t\t\t\t\t<\/div>\n\t\t\t\t<\/div>\n\t\t\t\t<\/div>\n\t\t","protected":false},"excerpt":{"rendered":"<p>Zur\u00fcck zur Startseite Innovation durch Partnerschaft Bei iSee sind wir \u00fcberzeugt, dass wahre Innovation aus Zusammenarbeit entsteht. Die Entwicklung von iSee One wurde durch das Fachwissen und die Hingabe unserer gesch\u00e4tzten Partner erm\u00f6glicht, wobei Unternehmen wichtige Komponenten bereitstellen und spezialisierte Fachleute ihr Wissen einbringen. Diese Experten verf\u00fcgen \u00fcber Fachkenntnisse in Bereichen wie Telekommunikation, Satellitentechnologie, Umweltkartierung [&hellip;]<\/p>\n","protected":false},"author":1,"featured_media":5724,"parent":0,"menu_order":0,"comment_status":"closed","ping_status":"closed","template":"","meta":{"footnotes":""},"class_list":["post-5586","page","type-page","status-publish","has-post-thumbnail","hentry"],"_links":{"self":[{"href":"https:\/\/isee-one.com\/de\/wp-json\/wp\/v2\/pages\/5586","targetHints":{"allow":["GET"]}}],"collection":[{"href":"https:\/\/isee-one.com\/de\/wp-json\/wp\/v2\/pages"}],"about":[{"href":"https:\/\/isee-one.com\/de\/wp-json\/wp\/v2\/types\/page"}],"author":[{"embeddable":true,"href":"https:\/\/isee-one.com\/de\/wp-json\/wp\/v2\/users\/1"}],"replies":[{"embeddable":true,"href":"https:\/\/isee-one.com\/de\/wp-json\/wp\/v2\/comments?post=5586"}],"version-history":[{"count":2,"href":"https:\/\/isee-one.com\/de\/wp-json\/wp\/v2\/pages\/5586\/revisions"}],"predecessor-version":[{"id":8060,"href":"https:\/\/isee-one.com\/de\/wp-json\/wp\/v2\/pages\/5586\/revisions\/8060"}],"wp:featuredmedia":[{"embeddable":true,"href":"https:\/\/isee-one.com\/de\/wp-json\/wp\/v2\/media\/5724"}],"wp:attachment":[{"href":"https:\/\/isee-one.com\/de\/wp-json\/wp\/v2\/media?parent=5586"}],"curies":[{"name":"wp","href":"https:\/\/api.w.org\/{rel}","templated":true}]}}